{"id":907,"date":"2022-05-19T10:19:42","date_gmt":"2022-05-19T08:19:42","guid":{"rendered":"https:\/\/www3.ubu.es\/iicups\/?page_id=907"},"modified":"2024-02-27T06:55:52","modified_gmt":"2024-02-27T05:55:52","slug":"envio-de-trabajos","status":"publish","type":"page","link":"https:\/\/www3.ubu.es\/iicups\/envio-de-trabajos\/","title":{"rendered":"Env\u00edo de trabajos"},"content":{"rendered":"\t\t<div data-elementor-type=\"wp-page\" data-elementor-id=\"907\" class=\"elementor elementor-907\">\n\t\t\t\t\t\t<section class=\"elementor-section elementor-top-section elementor-element elementor-element-8d216a5 elementor-section-boxed elementor-section-height-default elementor-section-height-default\" data-id=\"8d216a5\" data-element_type=\"section\" data-e-type=\"section\">\n\t\t\t\t\t\t<div class=\"elementor-container elementor-column-gap-default\">\n\t\t\t\t\t<div class=\"elementor-column elementor-col-100 elementor-top-column elementor-element elementor-element-f3bc92d\" data-id=\"f3bc92d\" data-element_type=\"column\" data-e-type=\"column\">\n\t\t\t<div class=\"elementor-widget-wrap elementor-element-populated\">\n\t\t\t\t\t\t<div class=\"elementor-element elementor-element-b025885 elementor-widget elementor-widget-text-editor\" data-id=\"b025885\" data-element_type=\"widget\" data-e-type=\"widget\" data-widget_type=\"text-editor.default\">\n\t\t\t\t<div class=\"elementor-widget-container\">\n\t\t\t\t\t\t\t\t\t<ul><li>Todas las formas de presentaci\u00f3n deben enviarse por este medio.<\/li><li>Para que la comunicaci\u00f3n\/p\u00f3ster se suba correctamente a trav\u00e9s del formulario el documento final en pdf no debe ser mayor de 3 Mb. Si el documento resultara de mayor tama\u00f1o, se recomienda reducir el \u201cpeso\u201d de las im\u00e1genes a\u00f1adidas o usar la opci\u00f3n de Adobe Acrobat \u00ab<strong>Guardar como otro &gt; PDF de tama\u00f1o reducido<\/strong>\u00ab<\/li><li>Los trabajos previstos para exponer por medio de cualquier comunicaci\u00f3n oral (mesas tem\u00e1ticas, experiencias o comunicaciones) deben entregar la presentaci\u00f3n en formato .ppt siguiendo las plantillas propuestas por la organizaci\u00f3n para este fin.<\/li><li>Los trabajos previstos para exponer por medio de p\u00f3ster o p\u00f3ster virtual deben enviar un documento .pdf, .jpg o .png con el tama\u00f1o solicitado.<\/li><li>El plazo de subida de trabajos definitivos finalizar\u00e1 el <strong>23\u00a0de octubre de 2022 a las 23.59h hora espa\u00f1ola<\/strong>.<\/li><li><strong>Aclaraci\u00f3n<\/strong>:\u00a0P\u00f3ster presencial\u00a0para autores que asisten al congreso, P\u00f3ster electr\u00f3nico o virtual\u00a0para autores que no asistir\u00e1n al congreso<\/li><\/ul>\t\t\t\t\t\t\t\t<\/div>\n\t\t\t\t<\/div>\n\t\t\t\t\t<\/div>\n\t\t<\/div>\n\t\t\t\t\t<\/div>\n\t\t<\/section>\n\t\t\t\t<section class=\"elementor-section elementor-top-section elementor-element elementor-element-ed33da1 elementor-section-boxed elementor-section-height-default elementor-section-height-default\" data-id=\"ed33da1\" data-element_type=\"section\" data-e-type=\"section\">\n\t\t\t\t\t\t<div class=\"elementor-container elementor-column-gap-default\">\n\t\t\t\t\t<div class=\"elementor-column elementor-col-33 elementor-top-column elementor-element elementor-element-248fee0\" data-id=\"248fee0\" data-element_type=\"column\" data-e-type=\"column\">\n\t\t\t<div class=\"elementor-widget-wrap elementor-element-populated\">\n\t\t\t\t\t\t<div class=\"elementor-element elementor-element-80af6a9 elementor-align-center elementor-widget elementor-widget-button\" data-id=\"80af6a9\" data-element_type=\"widget\" data-e-type=\"widget\" data-widget_type=\"button.default\">\n\t\t\t\t<div class=\"elementor-widget-container\">\n\t\t\t\t\t\t\t\t\t<div class=\"elementor-button-wrapper\">\n\t\t\t\t\t<a class=\"elementor-button elementor-button-link elementor-size-md\" href=\"https:\/\/www3.ubu.es\/iicups\/wp-content\/uploads\/2022\/05\/POSTER-PRESENCIAL-IICUPS.pptx\">\n\t\t\t\t\t\t<span class=\"elementor-button-content-wrapper\">\n\t\t\t\t\t\t\t\t\t<span class=\"elementor-button-text\">Plantilla de p\u00f3ster presencial<\/span>\n\t\t\t\t\t<\/span>\n\t\t\t\t\t<\/a>\n\t\t\t\t<\/div>\n\t\t\t\t\t\t\t\t<\/div>\n\t\t\t\t<\/div>\n\t\t\t\t\t<\/div>\n\t\t<\/div>\n\t\t\t\t<div class=\"elementor-column elementor-col-33 elementor-top-column elementor-element elementor-element-af0d0a4\" data-id=\"af0d0a4\" data-element_type=\"column\" data-e-type=\"column\">\n\t\t\t<div class=\"elementor-widget-wrap elementor-element-populated\">\n\t\t\t\t\t\t<div class=\"elementor-element elementor-element-64ae6c6 elementor-align-center elementor-widget elementor-widget-button\" data-id=\"64ae6c6\" data-element_type=\"widget\" data-e-type=\"widget\" data-widget_type=\"button.default\">\n\t\t\t\t<div class=\"elementor-widget-container\">\n\t\t\t\t\t\t\t\t\t<div class=\"elementor-button-wrapper\">\n\t\t\t\t\t<a class=\"elementor-button elementor-button-link elementor-size-md\" href=\"https:\/\/www3.ubu.es\/iicups\/wp-content\/uploads\/2022\/09\/2022_Plantilla_presentacion_IICUPS.pptx\">\n\t\t\t\t\t\t<span class=\"elementor-button-content-wrapper\">\n\t\t\t\t\t\t\t\t\t<span class=\"elementor-button-text\">Plantilla de exposiciones orales<\/span>\n\t\t\t\t\t<\/span>\n\t\t\t\t\t<\/a>\n\t\t\t\t<\/div>\n\t\t\t\t\t\t\t\t<\/div>\n\t\t\t\t<\/div>\n\t\t\t\t\t<\/div>\n\t\t<\/div>\n\t\t\t\t<div class=\"elementor-column elementor-col-33 elementor-top-column elementor-element elementor-element-3720932\" data-id=\"3720932\" data-element_type=\"column\" data-e-type=\"column\">\n\t\t\t<div class=\"elementor-widget-wrap elementor-element-populated\">\n\t\t\t\t\t\t<div class=\"elementor-element elementor-element-902a904 elementor-align-center elementor-widget elementor-widget-button\" data-id=\"902a904\" data-element_type=\"widget\" data-e-type=\"widget\" data-widget_type=\"button.default\">\n\t\t\t\t<div class=\"elementor-widget-container\">\n\t\t\t\t\t\t\t\t\t<div class=\"elementor-button-wrapper\">\n\t\t\t\t\t<a class=\"elementor-button elementor-button-link elementor-size-md\" href=\"https:\/\/www3.ubu.es\/iicups\/wp-content\/uploads\/2022\/05\/POSTER-VIRTUAL-IICUPS-9x16-1.pptx\">\n\t\t\t\t\t\t<span class=\"elementor-button-content-wrapper\">\n\t\t\t\t\t\t\t\t\t<span class=\"elementor-button-text\">Plantilla de p\u00f3ster virtual<\/span>\n\t\t\t\t\t<\/span>\n\t\t\t\t\t<\/a>\n\t\t\t\t<\/div>\n\t\t\t\t\t\t\t\t<\/div>\n\t\t\t\t<\/div>\n\t\t\t\t\t<\/div>\n\t\t<\/div>\n\t\t\t\t\t<\/div>\n\t\t<\/section>\n\t\t\t\t<\/div>\n\t\t","protected":false},"excerpt":{"rendered":"<p>Todas las formas de presentaci\u00f3n deben enviarse por este medio. Para que la comunicaci\u00f3n\/p\u00f3ster se suba correctamente a trav\u00e9s del formulario el documento final en pdf no debe ser mayor de 3 Mb. Si el documento resultara de mayor tama\u00f1o, se recomienda reducir el \u201cpeso\u201d de las im\u00e1genes a\u00f1adidas o usar la opci\u00f3n de Adobe&#8230;<\/p>\n","protected":false},"author":1,"featured_media":0,"parent":0,"menu_order":0,"comment_status":"closed","ping_status":"closed","template":"","meta":{"_kad_post_transparent":"default","_kad_post_title":"default","_kad_post_layout":"default","_kad_post_sidebar_id":"","_kad_post_content_style":"default","_kad_post_vertical_padding":"default","_kad_post_feature":"hide","_kad_post_feature_position":"","_kad_post_header":false,"_kad_post_footer":false,"_kad_post_classname":"","footnotes":""},"class_list":["post-907","page","type-page","status-publish","hentry"],"_links":{"self":[{"href":"https:\/\/www3.ubu.es\/iicups\/wp-json\/wp\/v2\/pages\/907","targetHints":{"allow":["GET"]}}],"collection":[{"href":"https:\/\/www3.ubu.es\/iicups\/wp-json\/wp\/v2\/pages"}],"about":[{"href":"https:\/\/www3.ubu.es\/iicups\/wp-json\/wp\/v2\/types\/page"}],"author":[{"embeddable":true,"href":"https:\/\/www3.ubu.es\/iicups\/wp-json\/wp\/v2\/users\/1"}],"replies":[{"embeddable":true,"href":"https:\/\/www3.ubu.es\/iicups\/wp-json\/wp\/v2\/comments?post=907"}],"version-history":[{"count":26,"href":"https:\/\/www3.ubu.es\/iicups\/wp-json\/wp\/v2\/pages\/907\/revisions"}],"predecessor-version":[{"id":1679,"href":"https:\/\/www3.ubu.es\/iicups\/wp-json\/wp\/v2\/pages\/907\/revisions\/1679"}],"wp:attachment":[{"href":"https:\/\/www3.ubu.es\/iicups\/wp-json\/wp\/v2\/media?parent=907"}],"curies":[{"name":"wp","href":"https:\/\/api.w.org\/{rel}","templated":true}]}}