{"id":730,"date":"2022-02-16T13:38:58","date_gmt":"2022-02-16T12:38:58","guid":{"rendered":"https:\/\/www3.ubu.es\/iicups\/?page_id=730"},"modified":"2024-02-27T06:54:09","modified_gmt":"2024-02-27T05:54:09","slug":"envio-de-resumenes","status":"publish","type":"page","link":"https:\/\/www3.ubu.es\/iicups\/envio-de-resumenes\/","title":{"rendered":"Env\u00edo de res\u00famenes"},"content":{"rendered":"\t\t<div data-elementor-type=\"wp-page\" data-elementor-id=\"730\" class=\"elementor elementor-730\">\n\t\t\t\t\t\t<section class=\"elementor-section elementor-top-section elementor-element elementor-element-3acd1da elementor-section-boxed elementor-section-height-default elementor-section-height-default\" data-id=\"3acd1da\" data-element_type=\"section\" data-e-type=\"section\">\n\t\t\t\t\t\t<div class=\"elementor-container elementor-column-gap-default\">\n\t\t\t\t\t<div class=\"elementor-column elementor-col-100 elementor-top-column elementor-element elementor-element-4bfdf37\" data-id=\"4bfdf37\" data-element_type=\"column\" data-e-type=\"column\">\n\t\t\t<div class=\"elementor-widget-wrap elementor-element-populated\">\n\t\t\t\t\t\t<div class=\"elementor-element elementor-element-99366dd elementor-widget elementor-widget-text-editor\" data-id=\"99366dd\" data-element_type=\"widget\" data-e-type=\"widget\" data-widget_type=\"text-editor.default\">\n\t\t\t\t<div class=\"elementor-widget-container\">\n\t\t\t\t\t\t\t\t\t<p><b style=\"color:#db0000;\">Ampliado el plazo de recepci\u00f3n de res\u00famenes hasta el 15 de julio de 2022.<\/b><\/p>\n<p>El resumen se realizar\u00e1 \u00fanicamente a partir de la web del Congreso, en castellano e ingl\u00e9s, respetando la extensi\u00f3n m\u00e1xima de cada apartado.<\/p>\n<p><strong>Autores<\/strong>: los autores se identificar\u00e1n por el nombre y apellidos que consideren para su publicaci\u00f3n en el libro de actas. El n\u00famero m\u00e1ximo de autores por comunicaci\u00f3n es de cuatro, de los que al menos uno deber\u00e1 registrar inscripci\u00f3n en el Congreso. Cada autor puede estar presente en un m\u00e1ximo de dos comunicaciones distintas.<\/p>\n<p><strong>Afiliaci\u00f3n<\/strong>: se identificar\u00e1n las organizaciones e instituciones a las que pertenecen los autores del trabajo y su procedencia en caso de que el nombre de la instituci\u00f3n no lo incluya (ciudad, comunidad aut\u00f3noma o regi\u00f3n y pa\u00eds).<\/p>\n<p><strong>Informaci\u00f3n de contacto<\/strong>: se incluir\u00e1 el correo electr\u00f3nico del autor de correspondencia.<\/p>\n<p><strong>T\u00edtulo en castellano<\/strong>: debe ser descriptivo pero al mismo tiempo conciso; con una extensi\u00f3n m\u00e1xima de 160 caracteres (incluyendo espacios).<\/p>\n<p><strong>Resumen<\/strong>: la extensi\u00f3n m\u00e1xima ser\u00e1 de 1.500 caracteres, incluyendo espacios, y con el siguiente contenido sin titular: Introducci\u00f3n y objetivos, Material y m\u00e9todo, Resultados y Conclusiones. El resumen no contendr\u00e1 tablas, figuras o gr\u00e1ficos. Si se utilizan abreviaturas, siglas o acr\u00f3nimos, estas deber\u00e1n ir precedidas por su expresi\u00f3n completa cuando se utilicen por primera vez, salvo que sea una expresi\u00f3n de uso muy com\u00fan en el campo.<\/p>\n<p><strong>Palabras clave<\/strong>: se deben incluir hasta 5 palabras clave que describan el contenido de la comunicaci\u00f3n. Utilice t\u00e9rminos que verdaderamente sinteticen o caractericen el contenido de la comunicaci\u00f3n.<\/p>\n<p>Los apartados de t\u00edtulo, resumen y palabras clave deben ser traducidos a ingl\u00e9s e incluidos en el lugar correspondiente.<\/p>\n<p>No se admitir\u00e1n cambios de autores, y en el certificado aparecer\u00e1n los autores en el mismo orden y formato en que se incluyan en el resumen enviado.<\/p>\n\n<p>El env\u00edo del resumen supone la aceptaci\u00f3n integra de estos criterios.<\/p>\t\t\t\t\t\t\t\t<\/div>\n\t\t\t\t<\/div>\n\t\t\t\t\t<\/div>\n\t\t<\/div>\n\t\t\t\t\t<\/div>\n\t\t<\/section>\n\t\t\t\t<\/div>\n\t\t","protected":false},"excerpt":{"rendered":"<p>Ampliado el plazo de recepci\u00f3n de res\u00famenes hasta el 15 de julio de 2022. El resumen se realizar\u00e1 \u00fanicamente a partir de la web del Congreso, en castellano e ingl\u00e9s, respetando la extensi\u00f3n m\u00e1xima de cada apartado. Autores: los autores se identificar\u00e1n por el nombre y apellidos que consideren para su publicaci\u00f3n en el libro&#8230;<\/p>\n","protected":false},"author":1,"featured_media":0,"parent":0,"menu_order":0,"comment_status":"closed","ping_status":"closed","template":"","meta":{"_kad_post_transparent":"default","_kad_post_title":"default","_kad_post_layout":"default","_kad_post_sidebar_id":"","_kad_post_content_style":"default","_kad_post_vertical_padding":"default","_kad_post_feature":"hide","_kad_post_feature_position":"","_kad_post_header":false,"_kad_post_footer":false,"_kad_post_classname":"","footnotes":""},"class_list":["post-730","page","type-page","status-publish","hentry"],"_links":{"self":[{"href":"https:\/\/www3.ubu.es\/iicups\/wp-json\/wp\/v2\/pages\/730","targetHints":{"allow":["GET"]}}],"collection":[{"href":"https:\/\/www3.ubu.es\/iicups\/wp-json\/wp\/v2\/pages"}],"about":[{"href":"https:\/\/www3.ubu.es\/iicups\/wp-json\/wp\/v2\/types\/page"}],"author":[{"embeddable":true,"href":"https:\/\/www3.ubu.es\/iicups\/wp-json\/wp\/v2\/users\/1"}],"replies":[{"embeddable":true,"href":"https:\/\/www3.ubu.es\/iicups\/wp-json\/wp\/v2\/comments?post=730"}],"version-history":[{"count":47,"href":"https:\/\/www3.ubu.es\/iicups\/wp-json\/wp\/v2\/pages\/730\/revisions"}],"predecessor-version":[{"id":1676,"href":"https:\/\/www3.ubu.es\/iicups\/wp-json\/wp\/v2\/pages\/730\/revisions\/1676"}],"wp:attachment":[{"href":"https:\/\/www3.ubu.es\/iicups\/wp-json\/wp\/v2\/media?parent=730"}],"curies":[{"name":"wp","href":"https:\/\/api.w.org\/{rel}","templated":true}]}}