{"id":708,"date":"2022-02-16T08:18:21","date_gmt":"2022-02-16T07:18:21","guid":{"rendered":"https:\/\/www3.ubu.es\/iicups\/?page_id=708"},"modified":"2022-09-27T13:47:46","modified_gmt":"2022-09-27T11:47:46","slug":"formatos-de-participacion","status":"publish","type":"page","link":"https:\/\/www3.ubu.es\/iicups\/formatos-de-participacion\/","title":{"rendered":"Formatos de participaci\u00f3n"},"content":{"rendered":"\t\t<div data-elementor-type=\"wp-page\" data-elementor-id=\"708\" class=\"elementor elementor-708\">\n\t\t\t\t\t\t<section class=\"elementor-section elementor-top-section elementor-element elementor-element-8afe7b5 elementor-section-boxed elementor-section-height-default elementor-section-height-default\" data-id=\"8afe7b5\" data-element_type=\"section\" data-e-type=\"section\">\n\t\t\t\t\t\t<div class=\"elementor-container elementor-column-gap-default\">\n\t\t\t\t\t<div class=\"elementor-column elementor-col-100 elementor-top-column elementor-element elementor-element-bda76d6\" data-id=\"bda76d6\" data-element_type=\"column\" data-e-type=\"column\">\n\t\t\t<div class=\"elementor-widget-wrap elementor-element-populated\">\n\t\t\t\t\t\t<div class=\"elementor-element elementor-element-ac84c53 elementor-widget elementor-widget-text-editor\" data-id=\"ac84c53\" data-element_type=\"widget\" data-e-type=\"widget\" data-widget_type=\"text-editor.default\">\n\t\t\t\t<div class=\"elementor-widget-container\">\n\t\t\t\t\t\t\t\t\t<h2>Comunicaciones orales y experiencias<\/h2><ul><li>El Comit\u00e9 Organizador, informar\u00e1 a los autores de la fecha y el horario de la presentaci\u00f3n, informaci\u00f3n que tambi\u00e9n ser\u00e1 incluida en el programa definitivo del congreso.<\/li><li>En respuesta a esta informaci\u00f3n, el autor de correspondencia deber\u00e1 confirmar quien ser\u00e1 el autor encargado de realizar la presentaci\u00f3n.<\/li><li>Los autores de las comunicaciones orales tendr\u00e1n un m\u00e1ximo de 8 minutos para su exposici\u00f3n. Una vez finalizadas las exposiciones se establecer\u00e1 un turno de preguntas.<\/li><li>La exposici\u00f3n deber\u00e1 ser apoyada con una presentaci\u00f3n de diapositivas elaboradas con \u2018PowerPoint 2010\u2019 de Microsoft\u00ae a partir de la plantilla dispuesta por la organizaci\u00f3n (la plantilla es la misma para todas la formas de comunicaci\u00f3n oral).<\/li><li>En caso de que los autores de la comunicaci\u00f3n consideren presentar su trabajo como experiencia, <strong>deben marcar la casilla correspondiente a la hora del env\u00edo del resumen<\/strong>.<\/li><li>Las experiencias se presentar\u00e1n en sesiones, de una hora y media aproximadamente, con la participaci\u00f3n de tres experiencias (15\u2019 de presentaci\u00f3n), dejando tiempo para di\u00e1logo posterior.<\/li><li>En caso de aceptarse una comunicaci\u00f3n como experiencia, se solicitar\u00e1 un resumen m\u00e1s amplio (3.500 caracteres) que aparecer\u00e1 en el libro de res\u00famenes y actas.<\/li><li>La fecha l\u00edmite para la entrega de la versi\u00f3n final es el 23 de octubre de 2022 hasta las 23:59, hora espa\u00f1ola. La entrega se realiza a partir del apartado \u201cEnv\u00edo de trabajos definitivos\u201d<\/li><\/ul>\t\t\t\t\t\t\t\t<\/div>\n\t\t\t\t<\/div>\n\t\t\t\t<div class=\"elementor-element elementor-element-171c68f elementor-align-center elementor-widget elementor-widget-button\" data-id=\"171c68f\" data-element_type=\"widget\" data-e-type=\"widget\" data-widget_type=\"button.default\">\n\t\t\t\t<div class=\"elementor-widget-container\">\n\t\t\t\t\t\t\t\t\t<div class=\"elementor-button-wrapper\">\n\t\t\t\t\t<a class=\"elementor-button elementor-button-link elementor-size-md\" href=\"https:\/\/www3.ubu.es\/iicups\/wp-content\/uploads\/2022\/09\/2022_Plantilla_presentacion_IICUPS.pptx\">\n\t\t\t\t\t\t<span class=\"elementor-button-content-wrapper\">\n\t\t\t\t\t\t\t\t\t<span class=\"elementor-button-text\">Plantilla de exposiciones orales<\/span>\n\t\t\t\t\t<\/span>\n\t\t\t\t\t<\/a>\n\t\t\t\t<\/div>\n\t\t\t\t\t\t\t\t<\/div>\n\t\t\t\t<\/div>\n\t\t\t\t<div class=\"elementor-element elementor-element-9672d48 elementor-widget elementor-widget-text-editor\" data-id=\"9672d48\" data-element_type=\"widget\" data-e-type=\"widget\" data-widget_type=\"text-editor.default\">\n\t\t\t\t<div class=\"elementor-widget-container\">\n\t\t\t\t\t\t\t\t\t<h2><span style=\"font-family: var(--global-heading-font-family);\">P\u00f3ster presencial<\/span><\/h2><ul><li>La participaci\u00f3n por medio de p\u00f3ster debe seguir el mismo procedimiento de env\u00edo de res\u00famenes que las otras formas de participaci\u00f3n. El n\u00famero de autores por p\u00f3ster es de cuatro.<\/li><li>Para la realizaci\u00f3n de un p\u00f3ster debe utilizarse la <a href=\"https:\/\/www3.ubu.es\/iicups\/wp-content\/uploads\/2022\/05\/POSTER-PRESENCIAL-IICUPS.pptx\"><strong>plantilla de \u201cp\u00f3ster presencial\u201d del congreso<\/strong><\/a>, sin modificaci\u00f3n de formato ni tama\u00f1o. (NOTA: la plantilla para \u201cp\u00f3ster presencial\u201d no es la misma que para \u201cp\u00f3ster virtual\u201d)<\/li><li>El p\u00f3ster podr\u00e1 contener im\u00e1genes y gr\u00e1ficos, siempre que todo el contenido del poster se mantenga dentro del espacio designado a tal efecto, sin solapar im\u00e1genes institucionales o de dise\u00f1o.<\/li><li>Es posible que la instalaci\u00f3n de im\u00e1genes o gr\u00e1ficos requiera una ligera modificaci\u00f3n del espacio de texto. En este caso, se debe replicar y adaptar las cajas de texto respetando el tipo, tama\u00f1o y colores de fuente.<\/li><li>Los p\u00f3steres ser\u00e1n impresos en papel reciclado, por lo que se aconseja utilizar un c\u00f3digo de colores en los gr\u00e1ficos que permita su interpretaci\u00f3n en un fondo con el tono de reciclaje.<\/li><li>El contenido del p\u00f3ster estar\u00e1 ajustado al contenido del resumen presentado al Comit\u00e9 Cient\u00edfico.<\/li><li>Los p\u00f3steres se colocar\u00e1n en la zona establecida, al comienzo del Congreso, siguiendo las indicaciones del Comit\u00e9 Organizador. Los p\u00f3steres deber\u00e1n permanecer en la zona de exposici\u00f3n, como m\u00ednimo, durante toda la jornada del jueves 3 de noviembre.<\/li><li>El Comit\u00e9 Cient\u00edfico, informar\u00e1 a los autores del horario para la defensa de los p\u00f3steres. En dicho horario, los autores correspondientes dispondr\u00e1n de 2 minutos para su defensa ante los asistentes y miembros del Comit\u00e9 Cient\u00edfico, destin\u00e1ndose un tiempo adicional para el debate y las cuestiones que se deseen plantear. Una vez finalizada la defensa del p\u00f3ster se entregar\u00e1 el certificado acreditativo de presentaci\u00f3n. Solo se emitir\u00e1n los certificados de presentaci\u00f3n de las comunicaciones efectivamente presentadas.<\/li><li>El p\u00f3ster se expondr\u00e1 en la web del congreso para los participantes que siguen el congreso de forma virtual.<\/li><li>El archivo generado con el p\u00f3ster virtual deber\u00e1 transformarse a formato pdf. Tenga en cuenta que, para mantener la calidad del archivo, a la hora de convertir el archivo PowerPoint o similar a pdf es importante realizar la impresi\u00f3n manteniendo el tama\u00f1o.<\/li><li>La fecha l\u00edmite para la entrega de la versi\u00f3n final es el 23 de octubre de 2022 hasta las 23:59, hora espa\u00f1ola. La entrega se realiza a partir del apartado \u201cEnv\u00edo de trabajos definitivos\u201d.<\/li><\/ul><h2>P\u00f3ster virtual<\/h2><ul><li>La participaci\u00f3n por medio de p\u00f3ster debe seguir el mismo procedimiento de env\u00edo de res\u00famenes que las otras formas de participaci\u00f3n. El n\u00famero de autores por p\u00f3ster es de cuatro.<\/li><li>Para la realizaci\u00f3n de un p\u00f3ster debe utilizarse la <a href=\"https:\/\/www3.ubu.es\/iicups\/wp-content\/uploads\/2022\/05\/POSTER-VIRTUAL-IICUPS-9x16-1.pptx\"><strong>plantilla de \u201cp\u00f3ster virtual\u201d del congreso<\/strong><\/a>, sin modificaci\u00f3n de formato ni tama\u00f1o. (<strong>NOTA: la plantilla para \u201cp\u00f3ster virtual\u201d no es la misma que para \u201cp\u00f3ster presencial\u201d<\/strong>)<\/li><li>El p\u00f3ster podr\u00e1 contener im\u00e1genes y gr\u00e1ficos, siempre que todo el contenido del poster se mantenga dentro del espacio designado a tal efecto, sin solapar im\u00e1genes institucionales o de dise\u00f1o.<\/li><li>Es posible que la instalaci\u00f3n de im\u00e1genes o gr\u00e1ficos requiera una ligera modificaci\u00f3n del espacio de texto. En este caso, se debe replicar y adaptar las cajas de texto respetando el tipo, tama\u00f1o y colores de fuente.<\/li><li>El contenido del p\u00f3ster estar\u00e1 ajustado al contenido del resumen presentado al Comit\u00e9 Cient\u00edfico.<\/li><li>Los p\u00f3steres se publicar\u00e1n en la web del Congreso, al comienzo del mismo, siguiendo las indicaciones del Comit\u00e9 Organizador.<\/li><li>La participaci\u00f3n con p\u00f3ster virtual no requiere presentaci\u00f3n expresa por parte de los autores.<\/li><li>El Comit\u00e9 Cient\u00edfico determinar\u00e1 un espacio para la exposici\u00f3n de p\u00f3steres virtuales en alguna de las salas del Congreso.<\/li><li>El archivo generado con el p\u00f3ster virtual deber\u00e1 transformarse a <strong>formato pdf<\/strong>. Tenga en cuenta que, para mantener la calidad del archivo, a la hora de convertir el archivo PowerPoint o similar a pdf es importante realizar la impresi\u00f3n manteniendo el tama\u00f1o.<\/li><li>La fecha l\u00edmite para la entrega de la versi\u00f3n final es el 23 de octubre de 2022 hasta las 23:59, hora espa\u00f1ola. La entrega se realiza a partir del apartado \u201cEnv\u00edo de trabajos definitivos\u201d.<\/li><\/ul>\t\t\t\t\t\t\t\t<\/div>\n\t\t\t\t<\/div>\n\t\t\t\t\t<\/div>\n\t\t<\/div>\n\t\t\t\t\t<\/div>\n\t\t<\/section>\n\t\t\t\t<section class=\"elementor-section elementor-top-section elementor-element elementor-element-7a7790a elementor-section-boxed elementor-section-height-default elementor-section-height-default\" data-id=\"7a7790a\" data-element_type=\"section\" data-e-type=\"section\">\n\t\t\t\t\t\t<div class=\"elementor-container elementor-column-gap-default\">\n\t\t\t\t\t<div class=\"elementor-column elementor-col-50 elementor-top-column elementor-element elementor-element-d615271\" data-id=\"d615271\" data-element_type=\"column\" data-e-type=\"column\">\n\t\t\t<div class=\"elementor-widget-wrap elementor-element-populated\">\n\t\t\t\t\t\t<div class=\"elementor-element elementor-element-420635d elementor-align-center elementor-widget elementor-widget-button\" data-id=\"420635d\" data-element_type=\"widget\" data-e-type=\"widget\" data-widget_type=\"button.default\">\n\t\t\t\t<div class=\"elementor-widget-container\">\n\t\t\t\t\t\t\t\t\t<div class=\"elementor-button-wrapper\">\n\t\t\t\t\t<a class=\"elementor-button elementor-button-link elementor-size-md\" href=\"https:\/\/www3.ubu.es\/iicups\/wp-content\/uploads\/2022\/05\/POSTER-PRESENCIAL-IICUPS.pptx\">\n\t\t\t\t\t\t<span class=\"elementor-button-content-wrapper\">\n\t\t\t\t\t\t\t\t\t<span class=\"elementor-button-text\">Plantilla de p\u00f3ster presencial<\/span>\n\t\t\t\t\t<\/span>\n\t\t\t\t\t<\/a>\n\t\t\t\t<\/div>\n\t\t\t\t\t\t\t\t<\/div>\n\t\t\t\t<\/div>\n\t\t\t\t\t<\/div>\n\t\t<\/div>\n\t\t\t\t<div class=\"elementor-column elementor-col-50 elementor-top-column elementor-element elementor-element-443e5dd\" data-id=\"443e5dd\" data-element_type=\"column\" data-e-type=\"column\">\n\t\t\t<div class=\"elementor-widget-wrap elementor-element-populated\">\n\t\t\t\t\t\t<div class=\"elementor-element elementor-element-a72506b elementor-align-center elementor-widget elementor-widget-button\" data-id=\"a72506b\" data-element_type=\"widget\" data-e-type=\"widget\" data-widget_type=\"button.default\">\n\t\t\t\t<div class=\"elementor-widget-container\">\n\t\t\t\t\t\t\t\t\t<div class=\"elementor-button-wrapper\">\n\t\t\t\t\t<a class=\"elementor-button elementor-button-link elementor-size-md\" href=\"https:\/\/www3.ubu.es\/iicups\/wp-content\/uploads\/2022\/05\/POSTER-VIRTUAL-IICUPS-9x16-1.pptx\">\n\t\t\t\t\t\t<span class=\"elementor-button-content-wrapper\">\n\t\t\t\t\t\t\t\t\t<span class=\"elementor-button-text\">Plantilla de p\u00f3ster virtual<\/span>\n\t\t\t\t\t<\/span>\n\t\t\t\t\t<\/a>\n\t\t\t\t<\/div>\n\t\t\t\t\t\t\t\t<\/div>\n\t\t\t\t<\/div>\n\t\t\t\t\t<\/div>\n\t\t<\/div>\n\t\t\t\t\t<\/div>\n\t\t<\/section>\n\t\t\t\t<\/div>\n\t\t","protected":false},"excerpt":{"rendered":"<p>Comunicaciones orales y experiencias El Comit\u00e9 Organizador, informar\u00e1 a los autores de la fecha y el horario de la presentaci\u00f3n, informaci\u00f3n que tambi\u00e9n ser\u00e1 incluida en el programa definitivo del congreso. En respuesta a esta informaci\u00f3n, el autor de correspondencia deber\u00e1 confirmar quien ser\u00e1 el autor encargado de realizar la presentaci\u00f3n. Los autores de las&#8230;<\/p>\n","protected":false},"author":1,"featured_media":0,"parent":0,"menu_order":0,"comment_status":"closed","ping_status":"closed","template":"","meta":{"_kad_post_transparent":"default","_kad_post_title":"default","_kad_post_layout":"default","_kad_post_sidebar_id":"","_kad_post_content_style":"default","_kad_post_vertical_padding":"default","_kad_post_feature":"hide","_kad_post_feature_position":"","_kad_post_header":false,"_kad_post_footer":false,"_kad_post_classname":"","footnotes":""},"class_list":["post-708","page","type-page","status-publish","hentry"],"_links":{"self":[{"href":"https:\/\/www3.ubu.es\/iicups\/wp-json\/wp\/v2\/pages\/708","targetHints":{"allow":["GET"]}}],"collection":[{"href":"https:\/\/www3.ubu.es\/iicups\/wp-json\/wp\/v2\/pages"}],"about":[{"href":"https:\/\/www3.ubu.es\/iicups\/wp-json\/wp\/v2\/types\/page"}],"author":[{"embeddable":true,"href":"https:\/\/www3.ubu.es\/iicups\/wp-json\/wp\/v2\/users\/1"}],"replies":[{"embeddable":true,"href":"https:\/\/www3.ubu.es\/iicups\/wp-json\/wp\/v2\/comments?post=708"}],"version-history":[{"count":83,"href":"https:\/\/www3.ubu.es\/iicups\/wp-json\/wp\/v2\/pages\/708\/revisions"}],"predecessor-version":[{"id":1142,"href":"https:\/\/www3.ubu.es\/iicups\/wp-json\/wp\/v2\/pages\/708\/revisions\/1142"}],"wp:attachment":[{"href":"https:\/\/www3.ubu.es\/iicups\/wp-json\/wp\/v2\/media?parent=708"}],"curies":[{"name":"wp","href":"https:\/\/api.w.org\/{rel}","templated":true}]}}