{"id":475,"date":"2022-01-14T08:02:57","date_gmt":"2022-01-14T07:02:57","guid":{"rendered":"https:\/\/www3.ubu.es\/iicups\/?page_id=475"},"modified":"2022-09-27T13:47:51","modified_gmt":"2022-09-27T11:47:51","slug":"informacion","status":"publish","type":"page","link":"https:\/\/www3.ubu.es\/iicups\/informacion\/","title":{"rendered":"Informaci\u00f3n"},"content":{"rendered":"\t\t<div data-elementor-type=\"wp-page\" data-elementor-id=\"475\" class=\"elementor elementor-475\">\n\t\t\t\t\t\t<section class=\"elementor-section elementor-top-section elementor-element elementor-element-b48f638 elementor-section-boxed elementor-section-height-default elementor-section-height-default\" data-id=\"b48f638\" data-element_type=\"section\" data-e-type=\"section\">\n\t\t\t\t\t\t<div class=\"elementor-container elementor-column-gap-default\">\n\t\t\t\t\t<div class=\"elementor-column elementor-col-100 elementor-top-column elementor-element elementor-element-b907480\" data-id=\"b907480\" data-element_type=\"column\" data-e-type=\"column\">\n\t\t\t<div class=\"elementor-widget-wrap elementor-element-populated\">\n\t\t\t\t\t\t<div class=\"elementor-element elementor-element-b70d6d7 elementor-widget elementor-widget-text-editor\" data-id=\"b70d6d7\" data-element_type=\"widget\" data-e-type=\"widget\" data-widget_type=\"text-editor.default\">\n\t\t\t\t<div class=\"elementor-widget-container\">\n\t\t\t\t\t\t\t\t\t<ul>\n \t<li>El plazo para enviar los res\u00famenes de comunicaciones se abre el d\u00eda 7\u00a0de febrero de 2022 y finaliza el d\u00eda 15 de junio de 2022 (<b style=\"color:#db0000;\">ampliado el plazo de recepci\u00f3n de res\u00famenes hasta el 15 de julio de 2022)<\/b>.<\/li>\n \t<li>Las comunicaciones podr\u00e1n ser presentadas por sus autores como comunicaci\u00f3n oral, experiencia o p\u00f3ster.<\/li>\n \t<li>El n\u00famero m\u00e1ximo de autores por comunicaci\u00f3n es de cuatro, de los que al menos uno deber\u00e1 registrar inscripci\u00f3n en el Congreso. Cada autor puede estar presente en un m\u00e1ximo de dos comunicaciones distintas.<\/li>\n \t<li>Los res\u00famenes ser\u00e1n revisados por el comit\u00e9 cient\u00edfico y los autores ser\u00e1n informados sobre la aceptaci\u00f3n o rechazo de las propuestas antes del 15 de julio de 2022.<\/li>\n \t<li>El Comit\u00e9 Cient\u00edfico y Organizador se reserva el derecho de decidir el formato final de las presentaciones (oral o p\u00f3ster), pudiendo pasar una comunicaci\u00f3n oral a p\u00f3ster o viceversa.<\/li>\n \t<li>El resultado de la evaluaci\u00f3n del resumen por parte del Comit\u00e9 Cient\u00edfico ser\u00e1 inapelable.<\/li>\n \t<li>Los participantes con inscripci\u00f3n virtual tendr\u00e1n la posibilidad de presentar comunicaciones en formato p\u00f3ster virtual.<\/li>\n \t<li>Para asegurar que una comunicaci\u00f3n aceptada se pueda presentar en el congreso y ser incluida en el libro de res\u00famenes el autor responsable de la misma deber\u00e1 completar el proceso de inscripci\u00f3n antes del d\u00eda 2\u00a0de octubre de 2022 (incluido) a las 23.59h hora espa\u00f1ola.<\/li>\n \t<li>Todos los trabajos que cuyo autor identificado para su presentaci\u00f3n no haya realizado el pago de inscripci\u00f3n a d\u00eda 2 de octubre de 2022 a las 23.59h hora espa\u00f1ola, ser\u00e1n retirados del programa del congreso.<\/li>\n<\/ul>\nEl contenido de las comunicaciones deber\u00e1 tratar, preferentemente, sobre alguna de las\u00a0tem\u00e1ticas de Congreso:\n<ol>\n \t<li>Actividad f\u00edsica.<\/li>\n \t<li>Alimentaci\u00f3n sostenible.<\/li>\n \t<li>Bienestar emocional.<\/li>\n \t<li>Adicciones.<\/li>\n \t<li>Participaci\u00f3n en la comunidad universitaria.<\/li>\n<\/ol>\n<ul>\n \t<li>Los autores tienen que elegir el tema en el que incluye su resumen.<\/li>\n \t<li>Los res\u00famenes deben ser originales, no deben haber sido presentados o publicados en otras conferencias o publicaciones cient\u00edficas.<\/li>\n<\/ul>\t\t\t\t\t\t\t\t<\/div>\n\t\t\t\t<\/div>\n\t\t\t\t\t<\/div>\n\t\t<\/div>\n\t\t\t\t\t<\/div>\n\t\t<\/section>\n\t\t\t\t<\/div>\n\t\t","protected":false},"excerpt":{"rendered":"<p>El plazo para enviar los res\u00famenes de comunicaciones se abre el d\u00eda 7\u00a0de febrero de 2022 y finaliza el d\u00eda 15 de junio de 2022 (ampliado el plazo de recepci\u00f3n de res\u00famenes hasta el 15 de julio de 2022). Las comunicaciones podr\u00e1n ser presentadas por sus autores como comunicaci\u00f3n oral, experiencia o p\u00f3ster. El n\u00famero&#8230;<\/p>\n","protected":false},"author":1,"featured_media":0,"parent":0,"menu_order":0,"comment_status":"closed","ping_status":"closed","template":"","meta":{"_kad_post_transparent":"default","_kad_post_title":"default","_kad_post_layout":"default","_kad_post_sidebar_id":"","_kad_post_content_style":"default","_kad_post_vertical_padding":"default","_kad_post_feature":"hide","_kad_post_feature_position":"","_kad_post_header":false,"_kad_post_footer":false,"_kad_post_classname":"","footnotes":""},"class_list":["post-475","page","type-page","status-publish","hentry"],"_links":{"self":[{"href":"https:\/\/www3.ubu.es\/iicups\/wp-json\/wp\/v2\/pages\/475","targetHints":{"allow":["GET"]}}],"collection":[{"href":"https:\/\/www3.ubu.es\/iicups\/wp-json\/wp\/v2\/pages"}],"about":[{"href":"https:\/\/www3.ubu.es\/iicups\/wp-json\/wp\/v2\/types\/page"}],"author":[{"embeddable":true,"href":"https:\/\/www3.ubu.es\/iicups\/wp-json\/wp\/v2\/users\/1"}],"replies":[{"embeddable":true,"href":"https:\/\/www3.ubu.es\/iicups\/wp-json\/wp\/v2\/comments?post=475"}],"version-history":[{"count":20,"href":"https:\/\/www3.ubu.es\/iicups\/wp-json\/wp\/v2\/pages\/475\/revisions"}],"predecessor-version":[{"id":967,"href":"https:\/\/www3.ubu.es\/iicups\/wp-json\/wp\/v2\/pages\/475\/revisions\/967"}],"wp:attachment":[{"href":"https:\/\/www3.ubu.es\/iicups\/wp-json\/wp\/v2\/media?parent=475"}],"curies":[{"name":"wp","href":"https:\/\/api.w.org\/{rel}","templated":true}]}}