{"id":465,"date":"2022-01-14T07:57:27","date_gmt":"2022-01-14T06:57:27","guid":{"rendered":"https:\/\/www3.ubu.es\/iicups\/?page_id=465"},"modified":"2022-09-27T13:47:58","modified_gmt":"2022-09-27T11:47:58","slug":"objetivos","status":"publish","type":"page","link":"https:\/\/www3.ubu.es\/iicups\/objetivos\/","title":{"rendered":"Objetivos"},"content":{"rendered":"\t\t<div data-elementor-type=\"wp-page\" data-elementor-id=\"465\" class=\"elementor elementor-465\">\n\t\t\t\t\t\t<section class=\"elementor-section elementor-top-section elementor-element elementor-element-98ec2ce elementor-section-boxed elementor-section-height-default elementor-section-height-default\" data-id=\"98ec2ce\" data-element_type=\"section\" data-e-type=\"section\">\n\t\t\t\t\t\t<div class=\"elementor-container elementor-column-gap-default\">\n\t\t\t\t\t<div class=\"elementor-column elementor-col-100 elementor-top-column elementor-element elementor-element-80e0046\" data-id=\"80e0046\" data-element_type=\"column\" data-e-type=\"column\">\n\t\t\t<div class=\"elementor-widget-wrap elementor-element-populated\">\n\t\t\t\t\t\t<div class=\"elementor-element elementor-element-1226821 elementor-widget elementor-widget-text-editor\" data-id=\"1226821\" data-element_type=\"widget\" data-e-type=\"widget\" data-widget_type=\"text-editor.default\">\n\t\t\t\t<div class=\"elementor-widget-container\">\n\t\t\t\t\t\t\t\t\t<ul><li>Examinar las pol\u00edticas universitarias en Promoci\u00f3n de la Salud para generar una mayor implicaci\u00f3n de sus estructuras corporativas.<\/li><\/ul><ul><li>Consolidar la estructura de las universidades saludables, integr\u00e1ndolas en las pol\u00edticas universitarias como agente de cambio.<\/li><\/ul><ul><li>Establecer reflexiones sobre los progresos obtenidos en el marco de universidades saludables.<\/li><\/ul><ul><li>Fortalecer los v\u00ednculos con otras redes internacionales que nos permita avanzar en las acciones conjuntas y estrategias adoptadas en promoci\u00f3n de la salud en las universidades.<\/li><\/ul><ul><li>Recabar las experiencias en acciones y proyectos de las universidades saludables, compartiendo \u00e9xitos y nuevas estrategias de intervenci\u00f3n.<\/li><\/ul><ul><li>Negociar el apoyo de instituciones p\u00fablicas y privadas como soporte en los proyectos de investigaci\u00f3n y acciones en red.<\/li><\/ul><ul><li>Consensuar estrategias de intervenci\u00f3n en las universidades promotoras de salud, instaurando un liderazgo estable en las pol\u00edticas universitarias.<\/li><\/ul><ul><li>Identificar contextos que propicien el traspaso en\u00e9rgico de la informaci\u00f3n en promoci\u00f3n de la salud de forma interuniversitaria, as\u00ed como entre las instituciones universitarias.<\/li><\/ul>\t\t\t\t\t\t\t\t<\/div>\n\t\t\t\t<\/div>\n\t\t\t\t\t<\/div>\n\t\t<\/div>\n\t\t\t\t\t<\/div>\n\t\t<\/section>\n\t\t\t\t<\/div>\n\t\t","protected":false},"excerpt":{"rendered":"<p>Examinar las pol\u00edticas universitarias en Promoci\u00f3n de la Salud para generar una mayor implicaci\u00f3n de sus estructuras corporativas. Consolidar la estructura de las universidades saludables, integr\u00e1ndolas en las pol\u00edticas universitarias como agente de cambio. Establecer reflexiones sobre los progresos obtenidos en el marco de universidades saludables. Fortalecer los v\u00ednculos con otras redes internacionales que nos&#8230;<\/p>\n","protected":false},"author":1,"featured_media":0,"parent":0,"menu_order":0,"comment_status":"closed","ping_status":"closed","template":"","meta":{"_kad_post_transparent":"default","_kad_post_title":"default","_kad_post_layout":"default","_kad_post_sidebar_id":"","_kad_post_content_style":"default","_kad_post_vertical_padding":"default","_kad_post_feature":"hide","_kad_post_feature_position":"","_kad_post_header":false,"_kad_post_footer":false,"_kad_post_classname":"","footnotes":""},"class_list":["post-465","page","type-page","status-publish","hentry"],"_links":{"self":[{"href":"https:\/\/www3.ubu.es\/iicups\/wp-json\/wp\/v2\/pages\/465","targetHints":{"allow":["GET"]}}],"collection":[{"href":"https:\/\/www3.ubu.es\/iicups\/wp-json\/wp\/v2\/pages"}],"about":[{"href":"https:\/\/www3.ubu.es\/iicups\/wp-json\/wp\/v2\/types\/page"}],"author":[{"embeddable":true,"href":"https:\/\/www3.ubu.es\/iicups\/wp-json\/wp\/v2\/users\/1"}],"replies":[{"embeddable":true,"href":"https:\/\/www3.ubu.es\/iicups\/wp-json\/wp\/v2\/comments?post=465"}],"version-history":[{"count":4,"href":"https:\/\/www3.ubu.es\/iicups\/wp-json\/wp\/v2\/pages\/465\/revisions"}],"predecessor-version":[{"id":472,"href":"https:\/\/www3.ubu.es\/iicups\/wp-json\/wp\/v2\/pages\/465\/revisions\/472"}],"wp:attachment":[{"href":"https:\/\/www3.ubu.es\/iicups\/wp-json\/wp\/v2\/media?parent=465"}],"curies":[{"name":"wp","href":"https:\/\/api.w.org\/{rel}","templated":true}]}}