{"id":213,"date":"2021-11-02T08:52:52","date_gmt":"2021-11-02T07:52:52","guid":{"rendered":"https:\/\/www3.ubu.es\/iicups\/?page_id=213"},"modified":"2022-10-28T10:46:26","modified_gmt":"2022-10-28T08:46:26","slug":"comite","status":"publish","type":"page","link":"https:\/\/www3.ubu.es\/iicups\/comite\/","title":{"rendered":"Comit\u00e9"},"content":{"rendered":"\t\t<div data-elementor-type=\"wp-page\" data-elementor-id=\"213\" class=\"elementor elementor-213\">\n\t\t\t\t\t\t<section class=\"elementor-section elementor-top-section elementor-element elementor-element-819a2d9 elementor-section-boxed elementor-section-height-default elementor-section-height-default\" data-id=\"819a2d9\" data-element_type=\"section\" data-e-type=\"section\">\n\t\t\t\t\t\t<div class=\"elementor-container elementor-column-gap-default\">\n\t\t\t\t\t<div class=\"elementor-column elementor-col-100 elementor-top-column elementor-element elementor-element-3fbb7ef\" data-id=\"3fbb7ef\" data-element_type=\"column\" data-e-type=\"column\">\n\t\t\t<div class=\"elementor-widget-wrap elementor-element-populated\">\n\t\t\t\t\t\t<div class=\"elementor-element elementor-element-3248252 elementor-widget elementor-widget-text-editor\" data-id=\"3248252\" data-element_type=\"widget\" data-e-type=\"widget\" data-widget_type=\"text-editor.default\">\n\t\t\t\t<div class=\"elementor-widget-container\">\n\t\t\t\t\t\t\t\t\t<h2><strong>CIENT\u00cdFICO Y ORGANIZADOR<\/strong><\/h2><h3>PRESIDENCIA DEL CONGRESO<\/h3><ol><li>D. Miguel Corb\u00ed Santamar\u00eda<br \/>Director del Aula Campus Saludable<br \/>Universidad de Burgos<\/li><li>D. Antoni Aguil\u00f3 Pons<br \/>Presidente de la REUPS<br \/>Universitat de les Illes Balears<\/li><\/ol><h3>VICEPRESIDENCIA DEL CONGRESO<\/h3><ol><li>D. Delf\u00edn Ortega S\u00e1nchez (Universidad de Burgos)<\/li><li>D\u00f1a. Carmen Gallardo Pino (Presidenta de Honor de la REUPS)<\/li><li>D. Ra\u00fal Reina (Coordinador del GTUS de la CRUE-Sostenibilidad)<\/li><li>D. Hiram V Arroyo Acevedo (Presidente de la RIUPS)<\/li><\/ol><h3>SECRETARIA DEL CONGRESO<\/h3><ol><li>D\u00f1a. Ana Berta Nieto Plaza (Universidad de Burgos. Fundaci\u00f3n General de la Universidad de Burgos)<\/li><\/ol><h3>VOCALES<\/h3><div><ul><li class=\"x_MsoNormal\">D\u00f1a. M\u00aa\u00a0\u00c1ngeles Cedillo Medina (Universidad de Sevilla)\u00a0<\/li><li class=\"x_MsoNormal\">D. M. Alfredo Cort\u00e9s Mira (Universidad Pablo de Olavide)\u00a0<\/li><li class=\"x_MsoNormal\">D\u00f1a. Camino Escolar Llamazares\u00a0(Universidad de Burgos)\u00a0<\/li><li class=\"x_MsoNormal\">D\u00f1a. Margarita Ezquerra Ort\u00edn\u00a0(Universidad de La Rioja)\u00a0<\/li><li class=\"x_MsoNormal\">D\u00f1a. Mar\u00eda Bel\u00e9n\u00a0Feriche\u00a0Fdez-Cas (Universidad de Granada)\u00a0<\/li><li class=\"x_MsoNormal\">D\u00f1a. Eider Gaztelu\u00a0Amarika\u00a0(Universidad de Deusto)\u00a0<\/li><li class=\"x_MsoNormal\">D\u00f1a. Aida Guti\u00e9rrez Garc\u00eda\u00a0(Universidad de Burgos)\u00a0<\/li><li class=\"x_MsoNormal\">D\u00f1a. Patricia Insua\u00a0Cerretani\u00a0(Universidad del Pa\u00eds Vasco)\u00a0<\/li><li class=\"x_MsoNormal\">D. Sergi Jarque Salas (Universitat Pompeu Fabra)\u00a0<\/li><li class=\"x_MsoNormal\">D\u00f1a. Dolors\u00a0Juviny\u00e1\u00a0Canal (Universitat de Girona)\u00a0<\/li><li class=\"x_MsoNormal\">D. Manuel\u00a0Ladoux\u00a0Arroyo\u00a0(Universidad de M\u00e1laga)\u00a0<\/li><li class=\"x_MsoNormal\">D\u00f1a. Ana\u00a0M\u00aa\u00a0L\u00f3pez Jim\u00e9nez\u00a0(Universidad de Sevilla)\u00a0<\/li><li class=\"x_MsoNormal\">D\u00f1a. S\u00edlvia Lloveras Pimentel (Universitat de Girona)\u00a0<\/li><li class=\"x_MsoNormal\">D\u00f1a. Mar\u00eda \u00c1ngeles Mart\u00ednez\u00a0Mart\u00edn (Universidad de Burgos)\u00a0<\/li><li class=\"x_MsoNormal\">D. Jos\u00e9 Ram\u00f3n Mart\u00ednez Riera\u00a0(Universidad de Alicante)\u00a0<\/li><li class=\"x_MsoNormal\">D\u00f1a. Patricia Molina Gil\u00a0(Universitat de les Illes Balears)\u00a0<\/li><li class=\"x_MsoNormal\">D. Jos\u00e9 Valeriano Moncho\u00a0(Universidad de Castilla-La Mancha)\u00a0<\/li><li class=\"x_MsoNormal\">D. Adri\u00e0 Muntaner Mas (Universitat de les Illes Balears)\u00a0<\/li><li class=\"x_MsoNormal\">D\u00f1a. Sandra Nieto Gonz\u00e1lez\u00a0(Universidad de Burgos)\u00a0<\/li><li class=\"x_MsoNormal\">D\u00f1a. Nuria Ord\u00f3\u00f1ez\u00a0Camblor\u00a0(Universidad de Burgos)\u00a0<\/li><li class=\"x_MsoNormal\">D\u00f1a. Ainhoa Romero Hern\u00e1ndez\u00a0(Universidad Rey Juan Carlos)\u00a0<\/li><li class=\"x_MsoNormal\">D. Sergio Santos del Riego\u00a0(Universidade da Coru\u00f1a)\u00a0<\/li><li class=\"x_MsoNormal\">D. Diego Serrano G\u00f3mez\u00a0(Universidad de Burgos)\u00a0<\/li><li class=\"x_MsoNormal\">D. Fran Valenzuela Pascual\u00a0(Universitat\u00a0de Lleida)\u00a0<\/li><li class=\"x_MsoNormal\">D. Manuel Vaquero Abell\u00e1n (Universidad de C\u00f3rdoba)\u00a0<\/li><\/ul><\/div>\t\t\t\t\t\t\t\t<\/div>\n\t\t\t\t<\/div>\n\t\t\t\t\t<\/div>\n\t\t<\/div>\n\t\t\t\t\t<\/div>\n\t\t<\/section>\n\t\t\t\t<\/div>\n\t\t","protected":false},"excerpt":{"rendered":"<p>CIENT\u00cdFICO Y ORGANIZADOR PRESIDENCIA DEL CONGRESO D. Miguel Corb\u00ed Santamar\u00edaDirector del Aula Campus SaludableUniversidad de Burgos D. Antoni Aguil\u00f3 PonsPresidente de la REUPSUniversitat de les Illes Balears VICEPRESIDENCIA DEL CONGRESO D. Delf\u00edn Ortega S\u00e1nchez (Universidad de Burgos) D\u00f1a. Carmen Gallardo Pino (Presidenta de Honor de la REUPS) D. Ra\u00fal Reina (Coordinador del GTUS de la&#8230;<\/p>\n","protected":false},"author":1,"featured_media":0,"parent":0,"menu_order":0,"comment_status":"closed","ping_status":"closed","template":"","meta":{"_kad_post_transparent":"default","_kad_post_title":"default","_kad_post_layout":"default","_kad_post_sidebar_id":"","_kad_post_content_style":"default","_kad_post_vertical_padding":"default","_kad_post_feature":"","_kad_post_feature_position":"","_kad_post_header":false,"_kad_post_footer":false,"_kad_post_classname":"","footnotes":""},"class_list":["post-213","page","type-page","status-publish","hentry"],"_links":{"self":[{"href":"https:\/\/www3.ubu.es\/iicups\/wp-json\/wp\/v2\/pages\/213","targetHints":{"allow":["GET"]}}],"collection":[{"href":"https:\/\/www3.ubu.es\/iicups\/wp-json\/wp\/v2\/pages"}],"about":[{"href":"https:\/\/www3.ubu.es\/iicups\/wp-json\/wp\/v2\/types\/page"}],"author":[{"embeddable":true,"href":"https:\/\/www3.ubu.es\/iicups\/wp-json\/wp\/v2\/users\/1"}],"replies":[{"embeddable":true,"href":"https:\/\/www3.ubu.es\/iicups\/wp-json\/wp\/v2\/comments?post=213"}],"version-history":[{"count":62,"href":"https:\/\/www3.ubu.es\/iicups\/wp-json\/wp\/v2\/pages\/213\/revisions"}],"predecessor-version":[{"id":1269,"href":"https:\/\/www3.ubu.es\/iicups\/wp-json\/wp\/v2\/pages\/213\/revisions\/1269"}],"wp:attachment":[{"href":"https:\/\/www3.ubu.es\/iicups\/wp-json\/wp\/v2\/media?parent=213"}],"curies":[{"name":"wp","href":"https:\/\/api.w.org\/{rel}","templated":true}]}}