{"id":204,"date":"2021-11-02T08:51:10","date_gmt":"2021-11-02T07:51:10","guid":{"rendered":"https:\/\/www3.ubu.es\/iicups\/?page_id=204"},"modified":"2022-11-02T11:52:02","modified_gmt":"2022-11-02T10:52:02","slug":"programa","status":"publish","type":"page","link":"https:\/\/www3.ubu.es\/iicups\/programa\/","title":{"rendered":"Programa"},"content":{"rendered":"\t\t<div data-elementor-type=\"wp-page\" data-elementor-id=\"204\" class=\"elementor elementor-204\">\n\t\t\t\t\t\t<section class=\"elementor-section elementor-top-section elementor-element elementor-element-4597c02 elementor-section-boxed elementor-section-height-default elementor-section-height-default\" data-id=\"4597c02\" data-element_type=\"section\" data-e-type=\"section\">\n\t\t\t\t\t\t<div class=\"elementor-container elementor-column-gap-default\">\n\t\t\t\t\t<div class=\"elementor-column elementor-col-100 elementor-top-column elementor-element elementor-element-4348ae7\" data-id=\"4348ae7\" data-element_type=\"column\" data-e-type=\"column\">\n\t\t\t<div class=\"elementor-widget-wrap elementor-element-populated\">\n\t\t\t\t\t\t<div class=\"elementor-element elementor-element-9482e34 elementor-widget elementor-widget-toggle\" data-id=\"9482e34\" data-element_type=\"widget\" data-e-type=\"widget\" data-widget_type=\"toggle.default\">\n\t\t\t\t<div class=\"elementor-widget-container\">\n\t\t\t\t\t\t\t<div class=\"elementor-toggle\">\n\t\t\t\t\t\t\t<div class=\"elementor-toggle-item\">\n\t\t\t\t\t<div id=\"elementor-tab-title-1551\" class=\"elementor-tab-title\" data-tab=\"1\" role=\"button\" aria-controls=\"elementor-tab-content-1551\" aria-expanded=\"false\">\n\t\t\t\t\t\t\t\t\t\t\t\t<span class=\"elementor-toggle-icon elementor-toggle-icon-left\" aria-hidden=\"true\">\n\t\t\t\t\t\t\t\t\t\t\t\t\t\t\t<span class=\"elementor-toggle-icon-closed\"><i class=\"fas fa-caret-right\"><\/i><\/span>\n\t\t\t\t\t\t\t\t<span class=\"elementor-toggle-icon-opened\"><i class=\"elementor-toggle-icon-opened fas fa-caret-up\"><\/i><\/span>\n\t\t\t\t\t\t\t\t\t\t\t\t\t<\/span>\n\t\t\t\t\t\t\t\t\t\t\t\t<a class=\"elementor-toggle-title\" tabindex=\"0\">Mi\u00e9rcoles. Nov 02, 2022 Aula Magna (Hospital del Rey)<\/a>\n\t\t\t\t\t<\/div>\n\n\t\t\t\t\t<div id=\"elementor-tab-content-1551\" class=\"elementor-tab-content elementor-clearfix\" data-tab=\"1\" role=\"region\" aria-labelledby=\"elementor-tab-title-1551\"><h3 class=\"event-title\">Tarde<\/h3>\n<div class=\"naeep-event-info\"><strong>15:00<\/strong>\u00a0<strong>Recepci\u00f3n<\/strong><\/div>\n<div class=\"naeep-event-info\"><strong>16:00 &#8211; 16:15 Sesi\u00f3n inaugural\n<\/strong>\n<div class=\"margen_izda\"><strong> Manuel P\u00e9rez Mateos<br\/>\nRector de la Universidad de Burgos y presidente de la Sectorial CRUE-Sostenibilidad<\/strong><\/div>\n<\/div>\n<div class=\"naeep-event-info\">\n\n<strong>16:15 &#8211; 17:45 Panel de Experiencias 1 &#8211;<\/strong> <em>Participaci\u00f3n y alianzas para una universidad promotora de salud<\/em>\n\n<\/div>\n<div class=\"naeep-event-info\">\n\n<strong><strong>17:45 &#8211; 18:30 <\/strong><\/strong><strong style=\"font-family: var(--global-body-font-family);\">Conferencia inaugural \u201cEl enfoque de promoci\u00f3n de la salud en el entorno universitario: clave para la sostenibilidad\u201d<br\/><div class=\"margen_izda\">\n<\/strong>D\u00f1a. Pilar Aparicio Azc\u00e1rraga<br\/>\nDirectora General de Salud P\u00fablica<\/div>\n<div class=\"naeep-event-info\">\n\n<strong>18:45 &#8211; 20:15 Taller<\/strong> &#8211; \u201cAprende a planificar men\u00fas: alimentaci\u00f3n y sostenibilidad\u201c. <strong>(Nutreburgos y UBUverde) <\/strong><a href=\"https:\/\/www.ubu.es\/agenda\/taller-nutricional-planificacion-de-menus-con-nutreburgos-2a-edicion\"><span style=\"color: #d80000;\">Inscripciones aqu\u00ed<\/span><\/a>\n\n<\/div>\n<\/div><\/div>\n\t\t\t\t<\/div>\n\t\t\t\t\t\t\t<div class=\"elementor-toggle-item\">\n\t\t\t\t\t<div id=\"elementor-tab-title-1552\" class=\"elementor-tab-title\" data-tab=\"2\" role=\"button\" aria-controls=\"elementor-tab-content-1552\" aria-expanded=\"false\">\n\t\t\t\t\t\t\t\t\t\t\t\t<span class=\"elementor-toggle-icon elementor-toggle-icon-left\" aria-hidden=\"true\">\n\t\t\t\t\t\t\t\t\t\t\t\t\t\t\t<span class=\"elementor-toggle-icon-closed\"><i class=\"fas fa-caret-right\"><\/i><\/span>\n\t\t\t\t\t\t\t\t<span class=\"elementor-toggle-icon-opened\"><i class=\"elementor-toggle-icon-opened fas fa-caret-up\"><\/i><\/span>\n\t\t\t\t\t\t\t\t\t\t\t\t\t<\/span>\n\t\t\t\t\t\t\t\t\t\t\t\t<a class=\"elementor-toggle-title\" tabindex=\"0\">Jueves. Nov 03, 2022 Aula Magna (Hospital del Rey)<\/a>\n\t\t\t\t\t<\/div>\n\n\t\t\t\t\t<div id=\"elementor-tab-content-1552\" class=\"elementor-tab-content elementor-clearfix\" data-tab=\"2\" role=\"region\" aria-labelledby=\"elementor-tab-title-1552\"><h3 class=\"event-title\">Ma\u00f1ana<\/h3><div class=\"naeep-event-info\"><strong>9:00 &#8211; 10:15 Comunicaciones orales<\/strong><\/div><div class=\"naeep-event-info\"><strong>10:15 &#8211; 10:45 Coffee &#8211; Break<\/strong><\/div><div class=\"naeep-event-info\"><strong>10:45 &#8211; 11:45 Mesa \u201cESTUDIO FUNDACI\u00d3N MAPFRE\u201d<\/strong><\/div><div><ul><li class=\"x_ContentPasted0\">D. Antonio Guzm\u00e1n C\u00f3rdoba &#8211; Director del \u00c1rea de Promoci\u00f3n de la Salud de la Fundaci\u00f3n Mapfre<\/li><li class=\"x_ContentPasted0\">D. Jos\u00e9 C\u00e9sar Perales &#8211; Catedr\u00e1tico de Psicolog\u00eda en la Universidad de Granada<\/li><li class=\"x_ContentPasted0\">D. Antoni Aguil\u00f3 Pons &#8211; Presidente de la Red Espa\u00f1ola de Universidades Promotoras de la Salud<\/li><\/ul><\/div><div class=\"naeep-event-info\"><p><strong>11:45 &#8211; 13:15 <\/strong><strong>Panel de Experiencias 2<\/strong> &#8211; <em>Promocionando la actividad f\u00edsica universitaria<\/em><\/p><\/div><div class=\"naeep-event-info\"><strong><strong>13:15 &#8211; 14:30 <\/strong>Mesa \u201cCAMPUS ESPACIOS SIN HUMO\u201d<\/strong><\/div><div><ul><li class=\"x_ContentPasted0\">D\u00f1a. Beatriz Arranz \u00c1lvarez \u2013 Referente de Prevenci\u00f3n y Promoci\u00f3n de la Salud de la Asociaci\u00f3n Espa\u00f1ola Contra el C\u00e1ncer<\/li><li class=\"x_ContentPasted0\">D. Antoni Aguil\u00f3 Pons &#8211; Presidente de la Red Espa\u00f1ola de Universidades Promotoras de la Salud<\/li><li class=\"x_ContentPasted0\">D. Adri\u00e0 Montaner M\u00e1s &#8211; Vicerrector de Campus y Universidad Saludable de la Uniersidat de les Illes Balears)<\/li><\/ul><\/div><div><h3 class=\"event-title\">Tarde<\/h3><div class=\"naeep-event-info\"><strong><strong>16:30 &#8211; 17:30 <\/strong>Mesa \u201cACREDITACI\u00d3N DE UNIVERSIDADES SALUDABLES\u201d<\/strong><\/div><div><ul><li class=\"x_ContentPasted0\">D\u00f1a. Carmen Gallardo Pino &#8211; Decana Facultad Ciencias Salud de la Universidad Rey Juan Carlos<\/li><li class=\"x_ContentPasted0\">D\u00f1a. S\u00eclvia Lloveras Pimentel &#8211; Jefa de la Unitat de Comprom\u00eds Social de la Universitat de Girona<\/li><li class=\"x_ContentPasted0\">D. Hiram V. Arroyo Azevedo &#8211; Presidente de la Red Iberoamericana de Universidades Promotoras de la Salud<\/li><li class=\"x_ContentPasted0\">D. Antoni Aguil\u00f3 Pons &#8211; Presidente de la Red Espa\u00f1ola de Universidades Promotoras de la Salud<\/li><\/ul><\/div><div class=\"naeep-event-info\"><strong>17:30 &#8211; 19:00 <\/strong><strong>Panel de Experiencias 3<\/strong> &#8211; <em>El bienestar emocional en los campus: una necesidad imperiosa<\/em><\/div><\/div><\/div>\n\t\t\t\t<\/div>\n\t\t\t\t\t\t\t<div class=\"elementor-toggle-item\">\n\t\t\t\t\t<div id=\"elementor-tab-title-1553\" class=\"elementor-tab-title\" data-tab=\"3\" role=\"button\" aria-controls=\"elementor-tab-content-1553\" aria-expanded=\"false\">\n\t\t\t\t\t\t\t\t\t\t\t\t<span class=\"elementor-toggle-icon elementor-toggle-icon-left\" aria-hidden=\"true\">\n\t\t\t\t\t\t\t\t\t\t\t\t\t\t\t<span class=\"elementor-toggle-icon-closed\"><i class=\"fas fa-caret-right\"><\/i><\/span>\n\t\t\t\t\t\t\t\t<span class=\"elementor-toggle-icon-opened\"><i class=\"elementor-toggle-icon-opened fas fa-caret-up\"><\/i><\/span>\n\t\t\t\t\t\t\t\t\t\t\t\t\t<\/span>\n\t\t\t\t\t\t\t\t\t\t\t\t<a class=\"elementor-toggle-title\" tabindex=\"0\">Viernes. Nov 04, 2022 Aula Magna (Hospital del Rey)<\/a>\n\t\t\t\t\t<\/div>\n\n\t\t\t\t\t<div id=\"elementor-tab-content-1553\" class=\"elementor-tab-content elementor-clearfix\" data-tab=\"3\" role=\"region\" aria-labelledby=\"elementor-tab-title-1553\"><h3 class=\"event-title\">Ma\u00f1ana<\/h3>\n<div class=\"naeep-event-info\"><strong><strong>9:00 &#8211; 10:30 <\/strong>Comunicaciones orales<\/strong><\/div>\n<div class=\"naeep-event-info\"><strong>10:30 &#8211; 11:00 Coffee &#8211; Break<\/strong><\/div>\n<div class=\"naeep-event-info\"><strong><strong>11:00 &#8211; 12:00 <\/strong>Asamblea REUPS<\/strong><\/div>\n<div class=\"naeep-event-info\">\n\n<strong><strong>12:00 &#8211; 13:00 <\/strong>Conferencia \u201cLas universidades espa\u00f1olas frente al reto de construir un futuro m\u00e1s sostenible\u201c\n<\/strong>\n<div class=\"margen_izda\"><strong>Javier Benayas del \u00c1lamo<\/strong>\n<strong>Catedr\u00e1tico de Ecolog\u00eda en la Universidad Aut\u00f3noma de Madrid<\/strong><\/div>\n<\/div>\n<div class=\"naeep-event-info\">\n\n<strong><strong>13:00 &#8211; 13:30 <\/strong>Presentaci\u00f3n de libros<\/strong>\n<ul>\n \t<li><a href=\"https:\/\/www.ubu.es\/catalogo-de-publicaciones\/campus-y-ciudadanias-saludables-estudios-para-una-promocion-integral-de-la-salud-en-la-region-iberoamericana\">Campus y ciudadan\u00edas saludables: estudios para una promoci\u00f3n integral de la salud en la regi\u00f3n iberoamericana<\/a><\/li>\n \t<li><a href=\"https:\/\/www.ubu.es\/catalogo-de-publicaciones\/guia-de-buenas-practicas-para-la-promocion-de-habitos-saludables-en-el-contexto-universitario-iberoamericano\">Gu\u00eda de buenas pr\u00e1cticas para la promoci\u00f3n de h\u00e1bitos saludables en el contexto universitario iberoamericano<\/a><\/li>\n<\/ul>\n<\/div>\n<div class=\"naeep-event-info\"><strong>13:30 &#8211; 13:45 Clausura<\/strong><\/div>\n<div>\n<ul>\n \t<li class=\"x_ContentPasted0\">D. Delf\u00edn Ortega S\u00e1nchez &#8211; Vicerrector de Responsabilidad Social, Cultura y Deporte de la Universidad de Burgos<\/li>\n \t<li class=\"x_ContentPasted0\">D. Antoni Aguil\u00f3 Pons &#8211; Presidente de la Red Espa\u00f1ola de Universidades Promotoras de la Salud<\/li>\n \t<li class=\"x_elementToProof x_ContentPasted0\">D. Hiram V. Arroyo Azevedo &#8211; Presidente de la Red Iberoamericana de Universidades Promotoras de la Salud<\/li>\n<\/ul>\n<\/div>\n<div class=\"naeep-event-info\"><strong>13:45 C\u00f3ctel de despedida<\/strong><\/div>\n<div><\/div><\/div>\n\t\t\t\t<\/div>\n\t\t\t\t\t\t\t\t<\/div>\n\t\t\t\t\t\t<\/div>\n\t\t\t\t<\/div>\n\t\t\t\t\t<\/div>\n\t\t<\/div>\n\t\t\t\t\t<\/div>\n\t\t<\/section>\n\t\t\t\t<section class=\"elementor-section elementor-top-section elementor-element elementor-element-84052d0 elementor-section-boxed elementor-section-height-default elementor-section-height-default\" data-id=\"84052d0\" data-element_type=\"section\" data-e-type=\"section\">\n\t\t\t\t\t\t<div class=\"elementor-container elementor-column-gap-default\">\n\t\t\t\t\t<div class=\"elementor-column elementor-col-100 elementor-top-column elementor-element elementor-element-d4d8003\" data-id=\"d4d8003\" data-element_type=\"column\" data-e-type=\"column\">\n\t\t\t<div class=\"elementor-widget-wrap elementor-element-populated\">\n\t\t\t\t\t\t<div class=\"elementor-element elementor-element-1b83780 elementor-button-danger elementor-align-center elementor-widget elementor-widget-button\" data-id=\"1b83780\" data-element_type=\"widget\" data-e-type=\"widget\" data-widget_type=\"button.default\">\n\t\t\t\t<div class=\"elementor-widget-container\">\n\t\t\t\t\t\t\t\t\t<div class=\"elementor-button-wrapper\">\n\t\t\t\t\t<a class=\"elementor-button elementor-button-link elementor-size-md\" href=\"https:\/\/www3.ubu.es\/iicups\/wp-content\/uploads\/2022\/10\/2022_Programa-definitivo-de-contribuciones_IICUPS.pdf\">\n\t\t\t\t\t\t<span class=\"elementor-button-content-wrapper\">\n\t\t\t\t\t\t\t\t\t<span class=\"elementor-button-text\">Programa de contribuciones (PDF 220KB)<\/span>\n\t\t\t\t\t<\/span>\n\t\t\t\t\t<\/a>\n\t\t\t\t<\/div>\n\t\t\t\t\t\t\t\t<\/div>\n\t\t\t\t<\/div>\n\t\t\t\t\t<\/div>\n\t\t<\/div>\n\t\t\t\t\t<\/div>\n\t\t<\/section>\n\t\t\t\t<section class=\"elementor-section elementor-top-section elementor-element elementor-element-1e4fbfa elementor-section-boxed elementor-section-height-default elementor-section-height-default\" data-id=\"1e4fbfa\" data-element_type=\"section\" data-e-type=\"section\">\n\t\t\t\t\t\t<div class=\"elementor-container elementor-column-gap-default\">\n\t\t\t\t\t<div class=\"elementor-column elementor-col-100 elementor-top-column elementor-element elementor-element-3025317\" data-id=\"3025317\" data-element_type=\"column\" data-e-type=\"column\">\n\t\t\t<div class=\"elementor-widget-wrap elementor-element-populated\">\n\t\t\t\t\t\t<div class=\"elementor-element elementor-element-d5d0fdf elementor-button-info elementor-align-center elementor-widget elementor-widget-button\" data-id=\"d5d0fdf\" data-element_type=\"widget\" data-e-type=\"widget\" data-widget_type=\"button.default\">\n\t\t\t\t<div class=\"elementor-widget-container\">\n\t\t\t\t\t\t\t\t\t<div class=\"elementor-button-wrapper\">\n\t\t\t\t\t<a class=\"elementor-button elementor-button-link elementor-size-md\" href=\"https:\/\/www3.ubu.es\/iicups\/ubicacion\/\">\n\t\t\t\t\t\t<span class=\"elementor-button-content-wrapper\">\n\t\t\t\t\t\t\t\t\t<span class=\"elementor-button-text\">Ubicaci\u00f3n del Congreso<\/span>\n\t\t\t\t\t<\/span>\n\t\t\t\t\t<\/a>\n\t\t\t\t<\/div>\n\t\t\t\t\t\t\t\t<\/div>\n\t\t\t\t<\/div>\n\t\t\t\t\t<\/div>\n\t\t<\/div>\n\t\t\t\t\t<\/div>\n\t\t<\/section>\n\t\t\t\t<\/div>\n\t\t","protected":false},"excerpt":{"rendered":"<p>Mi\u00e9rcoles. Nov 02, 2022 Aula Magna (Hospital del Rey) Tarde 15:00\u00a0Recepci\u00f3n 16:00 &#8211; 16:15 Sesi\u00f3n inaugural Manuel P\u00e9rez Mateos Rector de la Universidad de Burgos y presidente de la Sectorial CRUE-Sostenibilidad 16:15 &#8211; 17:45 Panel de Experiencias 1 &#8211; Participaci\u00f3n y alianzas para una universidad promotora de salud 17:45 &#8211; 18:30 Conferencia inaugural \u201cEl enfoque&#8230;<\/p>\n","protected":false},"author":1,"featured_media":0,"parent":0,"menu_order":0,"comment_status":"closed","ping_status":"closed","template":"","meta":{"_kad_post_transparent":"","_kad_post_title":"","_kad_post_layout":"","_kad_post_sidebar_id":"","_kad_post_content_style":"","_kad_post_vertical_padding":"","_kad_post_feature":"","_kad_post_feature_position":"","_kad_post_header":false,"_kad_post_footer":false,"_kad_post_classname":"","footnotes":""},"class_list":["post-204","page","type-page","status-publish","hentry"],"_links":{"self":[{"href":"https:\/\/www3.ubu.es\/iicups\/wp-json\/wp\/v2\/pages\/204","targetHints":{"allow":["GET"]}}],"collection":[{"href":"https:\/\/www3.ubu.es\/iicups\/wp-json\/wp\/v2\/pages"}],"about":[{"href":"https:\/\/www3.ubu.es\/iicups\/wp-json\/wp\/v2\/types\/page"}],"author":[{"embeddable":true,"href":"https:\/\/www3.ubu.es\/iicups\/wp-json\/wp\/v2\/users\/1"}],"replies":[{"embeddable":true,"href":"https:\/\/www3.ubu.es\/iicups\/wp-json\/wp\/v2\/comments?post=204"}],"version-history":[{"count":284,"href":"https:\/\/www3.ubu.es\/iicups\/wp-json\/wp\/v2\/pages\/204\/revisions"}],"predecessor-version":[{"id":1402,"href":"https:\/\/www3.ubu.es\/iicups\/wp-json\/wp\/v2\/pages\/204\/revisions\/1402"}],"wp:attachment":[{"href":"https:\/\/www3.ubu.es\/iicups\/wp-json\/wp\/v2\/media?parent=204"}],"curies":[{"name":"wp","href":"https:\/\/api.w.org\/{rel}","templated":true}]}}