{"id":192,"date":"2021-11-02T08:36:46","date_gmt":"2021-11-02T07:36:46","guid":{"rendered":"https:\/\/www3.ubu.es\/iicups\/?page_id=192"},"modified":"2024-02-27T06:51:15","modified_gmt":"2024-02-27T05:51:15","slug":"tarifas","status":"publish","type":"page","link":"https:\/\/www3.ubu.es\/iicups\/tarifas\/","title":{"rendered":"Inscripci\u00f3n"},"content":{"rendered":"\t\t<div data-elementor-type=\"wp-page\" data-elementor-id=\"192\" class=\"elementor elementor-192\">\n\t\t\t\t\t\t<section class=\"elementor-section elementor-top-section elementor-element elementor-element-f294c46 elementor-section-boxed elementor-section-height-default elementor-section-height-default\" data-id=\"f294c46\" data-element_type=\"section\" data-e-type=\"section\">\n\t\t\t\t\t\t<div class=\"elementor-container elementor-column-gap-default\">\n\t\t\t\t\t<div class=\"elementor-column elementor-col-100 elementor-top-column elementor-element elementor-element-d29c9d1\" data-id=\"d29c9d1\" data-element_type=\"column\" data-e-type=\"column\">\n\t\t\t<div class=\"elementor-widget-wrap elementor-element-populated\">\n\t\t\t\t\t\t<div class=\"elementor-element elementor-element-1303f46 elementor-widget elementor-widget-text-editor\" data-id=\"1303f46\" data-element_type=\"widget\" data-e-type=\"widget\" data-widget_type=\"text-editor.default\">\n\t\t\t\t<div class=\"elementor-widget-container\">\n\t\t\t\t\t\t\t\t\t<table class=\"tabl1\">\n<tbody>\n<tr>\n<th><strong>Modo de inscripci\u00f3n<\/strong><\/th>\n<th><strong>Hasta 31 de julio de 2022<\/strong><\/th>\n<th><strong>Del 1 de agosto al 30 de octubre de 2022<\/strong><\/th>\n<th><strong><em>In situ<\/em><\/strong><\/th>\n<\/tr>\n<tr>\n<td><strong>Asistencia presencial<\/strong><\/td>\n<td style=\"text-align: center;\">90\u20ac<\/td>\n<td style=\"text-align: center;\">130\u20ac<\/td>\n<td style=\"text-align: center;\">150\u20ac<\/td>\n<\/tr>\n<tr>\n<td><strong>*Asistencia (estudiantes y desempleados)<\/strong><\/td>\n<td style=\"text-align: center;\">45\u20ac<\/td>\n<td style=\"text-align: center;\">55\u20ac<\/td>\n<td style=\"text-align: center;\">70\u20ac<\/td>\n<\/tr>\n<tr>\n<td><strong>Asistencia virtual (on-line)<\/strong><\/td>\n<td style=\"text-align: center;\">40\u20ac<\/td>\n<td style=\"text-align: center;\">55\u20ac<\/td>\n<td style=\"text-align: center;\">&#8211;<\/td>\n<\/tr>\n<tr>\n<td><strong>Asistencia con participaci\u00f3n<\/strong><\/td>\n<td style=\"text-align: center;\">120\u20ac<\/td>\n<td style=\"text-align: center;\">170\u20ac<\/td>\n<td style=\"text-align: center;\">&#8211;<\/td>\n<\/tr>\n<tr>\n<td><strong>*Asistencia con participaci\u00f3n (estudiantes y desempleados)<\/strong><\/td>\n<td style=\"text-align: center;\">60\u20ac<\/td>\n<td style=\"text-align: center;\">75\u20ac<\/td>\n<td style=\"text-align: center;\">&#8211;<\/td>\n<\/tr>\n<tr>\n<td><strong>Asistencia virtual con participaci\u00f3n (on-line)<\/strong><\/td>\n<td style=\"text-align: center;\">55\u20ac<\/td>\n<td style=\"text-align: center;\">75\u20ac<\/td>\n<td style=\"text-align: center;\">&#8211;<\/td>\n<\/tr>\n<\/tbody>\n<\/table>\n<ul style=\"font-size:0.9em;margin-top:-12px;\">\n \t<li><em>Asistencia presencial: \u00fanicamente como asistente sin colaboraci\u00f3n en la presentaci\u00f3n de trabajos.<\/em><\/li>\n \t<li><em> Asistente con participaci\u00f3n: para aquellos asistentes que colaboren con cualquier tipo de presentaci\u00f3n (comunicaci\u00f3n, experiencia o poster)<\/em><\/li>\n<\/ul>\t\t\t\t\t\t\t\t<\/div>\n\t\t\t\t<\/div>\n\t\t\t\t<div class=\"elementor-element elementor-element-2a8adf8 elementor-widget elementor-widget-text-editor\" data-id=\"2a8adf8\" data-element_type=\"widget\" data-e-type=\"widget\" data-widget_type=\"text-editor.default\">\n\t\t\t\t<div class=\"elementor-widget-container\">\n\t\t\t\t\t\t\t\t\t<h2>Informaci\u00f3n sobre las tarifas<\/h2><h3>El precio de la inscripci\u00f3n presencial incluye:<\/h3><ul><li>Asistencia a todas las sesiones cient\u00edficas del congreso<\/li><li>Bolsa del congresista<\/li><li>Material y documentaci\u00f3n del congreso en formato electr\u00f3nico<\/li><li><em>Coffe-breaks<\/em> durante el congreso<\/li><li>Certificado de asistencia y, si procede, de presentaci\u00f3n de comunicaciones<\/li><\/ul><h3>El precio de la inscripci\u00f3n on-line incluye:<\/h3><ul><li>Acceso al <em>streaming<\/em> de las sesiones<\/li><li>Documentaci\u00f3n del congreso en formato electr\u00f3nico<\/li><li>Posibilidad de presentar comunicaciones virtuales \u00f3 p\u00f3ster virtual (inscripci\u00f3n con participaci\u00f3n)<\/li><li>Certificados en formato digital de asistencia y, si procede, de presentaci\u00f3n de comunicaciones digitales<\/li><\/ul><p style=\"font-size: 0.9em;\"><strong>*<\/strong> Los estudiantes (persona que se encuentre en fase de formaci\u00f3n en el nivel de grado o m\u00e1ster oficial universitario) deben demostrar su condici\u00f3n adjuntando una copia escaneada de la matr\u00edcula correspondiente al curso 2021-2022 o 2022-2023 en el proceso de inscripci\u00f3n.<br \/><strong>*<\/strong> Los asistentes en situaci\u00f3n de desempleo deber\u00e1n presentar certificado o justificante de desempleo en fecha de la inscripci\u00f3n.<\/p><ul><li>Al menos un autor de las diferentes formas de participaci\u00f3n aceptadas por el Comit\u00e9 Cient\u00edfico deber\u00e1 formalizar la inscripci\u00f3n. Podr\u00e1 presentarse una \u00fanica participaci\u00f3n por inscripci\u00f3n.<\/li><li>En el caso de las inscripciones de autores de comunicaciones se aplicar\u00e1 el precio de inscripci\u00f3n correspondiente al d\u00eda en que se complete la misma, no el precio correspondiente al d\u00eda en que se realiz\u00f3 el env\u00edo del resumen.<\/li><li>No se realizar\u00e1 ninguna devoluci\u00f3n del importe de inscripci\u00f3n una vez se haya completado el proceso de inscripci\u00f3n.<\/li><\/ul>\t\t\t\t\t\t\t\t<\/div>\n\t\t\t\t<\/div>\n\t\t\t\t\t<\/div>\n\t\t<\/div>\n\t\t\t\t\t<\/div>\n\t\t<\/section>\n\t\t\t\t<\/div>\n\t\t","protected":false},"excerpt":{"rendered":"<p>Modo de inscripci\u00f3n Hasta 31 de julio de 2022 Del 1 de agosto al 30 de octubre de 2022 In situ Asistencia presencial 90\u20ac 130\u20ac 150\u20ac *Asistencia (estudiantes y desempleados) 45\u20ac 55\u20ac 70\u20ac Asistencia virtual (on-line) 40\u20ac 55\u20ac &#8211; Asistencia con participaci\u00f3n 120\u20ac 170\u20ac &#8211; *Asistencia con participaci\u00f3n (estudiantes y desempleados) 60\u20ac 75\u20ac &#8211; Asistencia&#8230;<\/p>\n","protected":false},"author":1,"featured_media":0,"parent":0,"menu_order":0,"comment_status":"closed","ping_status":"closed","template":"","meta":{"_kad_post_transparent":"default","_kad_post_title":"default","_kad_post_layout":"default","_kad_post_sidebar_id":"","_kad_post_content_style":"default","_kad_post_vertical_padding":"default","_kad_post_feature":"","_kad_post_feature_position":"","_kad_post_header":false,"_kad_post_footer":false,"_kad_post_classname":"","footnotes":""},"class_list":["post-192","page","type-page","status-publish","hentry"],"_links":{"self":[{"href":"https:\/\/www3.ubu.es\/iicups\/wp-json\/wp\/v2\/pages\/192","targetHints":{"allow":["GET"]}}],"collection":[{"href":"https:\/\/www3.ubu.es\/iicups\/wp-json\/wp\/v2\/pages"}],"about":[{"href":"https:\/\/www3.ubu.es\/iicups\/wp-json\/wp\/v2\/types\/page"}],"author":[{"embeddable":true,"href":"https:\/\/www3.ubu.es\/iicups\/wp-json\/wp\/v2\/users\/1"}],"replies":[{"embeddable":true,"href":"https:\/\/www3.ubu.es\/iicups\/wp-json\/wp\/v2\/comments?post=192"}],"version-history":[{"count":59,"href":"https:\/\/www3.ubu.es\/iicups\/wp-json\/wp\/v2\/pages\/192\/revisions"}],"predecessor-version":[{"id":1670,"href":"https:\/\/www3.ubu.es\/iicups\/wp-json\/wp\/v2\/pages\/192\/revisions\/1670"}],"wp:attachment":[{"href":"https:\/\/www3.ubu.es\/iicups\/wp-json\/wp\/v2\/media?parent=192"}],"curies":[{"name":"wp","href":"https:\/\/api.w.org\/{rel}","templated":true}]}}