{"id":1572,"date":"2022-12-13T13:32:28","date_gmt":"2022-12-13T12:32:28","guid":{"rendered":"https:\/\/www3.ubu.es\/iicups\/?page_id=1572"},"modified":"2022-12-13T13:39:29","modified_gmt":"2022-12-13T12:39:29","slug":"declaracion","status":"publish","type":"page","link":"https:\/\/www3.ubu.es\/iicups\/declaracion\/","title":{"rendered":"Declaraci\u00f3n"},"content":{"rendered":"\t\t<div data-elementor-type=\"wp-page\" data-elementor-id=\"1572\" class=\"elementor elementor-1572\">\n\t\t\t\t\t\t<section class=\"elementor-section elementor-top-section elementor-element elementor-element-83bbcab elementor-section-boxed elementor-section-height-default elementor-section-height-default\" data-id=\"83bbcab\" data-element_type=\"section\" data-e-type=\"section\">\n\t\t\t\t\t\t<div class=\"elementor-container elementor-column-gap-default\">\n\t\t\t\t\t<div class=\"elementor-column elementor-col-100 elementor-top-column elementor-element elementor-element-7055f42\" data-id=\"7055f42\" data-element_type=\"column\" data-e-type=\"column\">\n\t\t\t<div class=\"elementor-widget-wrap elementor-element-populated\">\n\t\t\t\t\t\t<div class=\"elementor-element elementor-element-3b42595 elementor-widget elementor-widget-text-editor\" data-id=\"3b42595\" data-element_type=\"widget\" data-e-type=\"widget\" data-widget_type=\"text-editor.default\">\n\t\t\t\t<div class=\"elementor-widget-container\">\n\t\t\t\t\t\t\t\t\t<p>Celebrado el II Congreso de Universidades Promotoras de la Salud en la Universidad de Burgos, la Red Espa\u00f1ola de Universidades Promotoras de la Salud (REUPS) recoge en esta declaraci\u00f3n las reflexiones y reivindicaciones de las personas de la comunidad universitaria y de las instituciones que han participado en el mismo sobre los distintos temas tratados y analizados en relaci\u00f3n con la promoci\u00f3n de la salud.<\/p><p>De acuerdo con los Objetivos de Desarrollo Sostenible (ODS), el <em>ODS<\/em> 3 de la Agenda 2030 (Salud y Bienestar), que pretende <em>\u201cgarantizar una vida sana y promover el bienestar de todos a todas las edades\u201d<\/em>, ha de constituir uno de los ejes de acci\u00f3n de las instituciones universitarias.<\/p><p>Las cinco estrategias de la Carta de Ottawa deben seguir siendo la hoja de ruta de las universidades, ya que son esenciales para conseguir una promoci\u00f3n de la salud de calidad, establecer una pol\u00edtica p\u00fablica sana (salud en todas las pol\u00edticas), crear ambientes de apoyo, fortalecer la acci\u00f3n comunitaria, desarrollar habilidades personales y reorientar los servicios de salud. Las personas crean y viven salud en el \u00e1mbito de la vida diaria donde aprenden, trabajan, juegan y aman. En cualquier caso, entendemos que el proceso de crear salud es un proceso vivo y debe ser participativo.<\/p><p>Todas las personas que configuran las comunidades universitarias tienen derecho a participar en el logro de los objetivos que favorezcan la mejora permanente de la salud de forma hol\u00edstica. Por ello, las universidades deben seguir trabajando la alfabetizaci\u00f3n en salud, siendo capaces de transferir los conocimientos a la sociedad con el fin \u00faltimo de incrementar la calidad de vida de la ciudadan\u00eda.<\/p><p>El movimiento de Universidades Promotoras de Salud es una propuesta positiva con un gran potencial de desarrollo y un recorrido de 36 a\u00f1os. Las universidades, como subsistemas sociales con una mayor estabilidad, han permitido que los elementos del Movimiento de Promoci\u00f3n de la Salud se hayan mantenido relativamente estables si se comparan con los cambios que se suscitan a diario en las organizaciones internacionales vinculadas con la salud durante los \u00faltimos a\u00f1os.<\/p><p>En todo el recorrido del Movimiento de Promoci\u00f3n de la Salud, ha habido alzas y bajas en el posicionamiento de la propia Promoci\u00f3n de la Salud, consecuencia de otros enfoques salubristas que se han dado en el \u00e1mbito global. No obstante, ha sido reiterado por los propios organismos internacionales (OPS, OMS).<\/p><p>Si se hiciera un an\u00e1lisis de los Movimientos de Universidades Promotoras de la Salud, se podr\u00eda afirmar que una de las redes m\u00e1s s\u00f3lidas a nivel global es la Red Iberoamericana de Universidades Promotoras de la Salud (RIUPS), por la cantidad de miembros adheridos y por la efervescencia de las 13 redes nacionales que la componen, y la red espa\u00f1ola (REUPS), que est\u00e1 integrada por 58 universidades. Por tanto, se debe poner en valor todo el trabajo desarrollado e insistir en los proyectos y acciones program\u00e1ticas de Universidades Promotoras de la Salud en las respectivas instituciones universitarias.<\/p><p>Por todo ello, las instituciones representadas en este congreso manifiestan los siguientes aspectos para que se tengan en cuenta a nivel universitario e institucional:<\/p><ol><li>Reivindicamos que el proyecto de Universidades Promotoras de Salud quede recogido en la <em>LOSU<\/em>, la Ley Org\u00e1nica del Sistema Universitario. Entendemos, que la funci\u00f3n primordial de las universidades es la docencia, investigaci\u00f3n, innovaci\u00f3n, proyecci\u00f3n social y cultural, lo que representa un marco id\u00f3neo para contribuir notablemente a la promoci\u00f3n de la salud y al bienestar de la poblaci\u00f3n, un compromiso ineludible de todas las universidades espa\u00f1olas. Es importante que sigan desarrollando pol\u00edticas universitarias constantes y decididas en torno a la promoci\u00f3n de la salud e integradas de manera transversal y participativa por toda la comunidad universitaria, y la incorporaci\u00f3n de la Promoci\u00f3n de la Salud en la <em>LOSU<\/em> ayudar\u00eda a consolidar el trabajo realizado por las universidades favoreciendo estructuras de servicios.<\/li><li>Manifestamos la importancia de la acreditaci\u00f3n de las Universidades Promotoras de Salud destac\u00e1ndola como hoja de ruta y resaltando la necesidad del compromiso legislativo, econ\u00f3mico y estrat\u00e9gico por parte de los equipos de gobierno de las universidades. La promoci\u00f3n de la salud en las universidades debe ser transversal, integral y continua en el tiempo.<\/li><li>Resaltamos la alianza de la <em>REUPS<\/em> creada para trabajar la prevenci\u00f3n del tabaquismo conjuntamente entre las universidades. Siguiendo la misma l\u00ednea, entidades como la Asociaci\u00f3n Espa\u00f1ola Contra el C\u00e1ncer (AECC) est\u00e1n moviliz\u00e1ndose tambi\u00e9n para conseguir que haya una mayor legislaci\u00f3n sobre el tabaco y los subproductos derivados, consiguiendo restringir el mismo a espacios p\u00fablicos como terrazas o parques. La <em>REUPS<\/em> est\u00e1 comprometida con el movimiento mundial de espacios sin humo, y as\u00ed se dispone a crear las herramientas para que las universidades espa\u00f1olas puedan tener como objetivo final ser espacios libres de humo.<\/li><li>Ponemos de manifiesto desde la <em>REUPS<\/em> la importancia de trabajar conjuntamente el bienestar emocional y la necesidad de abordarlo de forma integral. Tras la situaci\u00f3n de pandemia sobrevenida o la crisis econ\u00f3mica, se ha evidenciado la importancia de su promoci\u00f3n en todos los \u00e1mbitos. En este sentido, la <em>REUPS<\/em> ha elaborado un documento de consenso sobre bienestar emocional, y quiere remarcar la importancia de favorecer un mayor autoconocimiento como herramienta que nos ayuden a alcanzar una adecuada autoestima y a tener una actitud positiva ante la vida, pilares que son fundamentales para mantener nuestra salud mental.<\/li><li>Resaltamos la responsabilidad que tienen las universidades de realizar pol\u00edticas de Promoci\u00f3n de la Salud en todos sus \u00e1mbitos sin olvidar las desigualdades sociales y enmarcado bajo el prisma de los <em>ODS<\/em>. Se ha destacado vehementemente la importancia de la responsabilidad social universitaria con una perspectiva hol\u00edstica. Las universidades deben comprometerse y participar activamente en la Agenda 2030 para la consecuci\u00f3n de los <em>ODS<\/em> y lograr un entorno m\u00e1s saludable, m\u00e1s solidario y m\u00e1s sostenible.<\/li><li>Por \u00faltimo, se manifiesta la necesidad de incentivar la Investigaci\u00f3n transdisciplinar en Promoci\u00f3n de la salud, y remarcar la importancia de los protocolos de evaluaci\u00f3n de las acciones que se realizan.<\/li><\/ol><p>Con esta declaraci\u00f3n, realizada tras la celebraci\u00f3n del II Congreso de Universidades Promotoras de la Salud en la Universidad de Burgos, las universidades quieren dar un paso m\u00e1s en promoci\u00f3n de la salud y se comprometen a seguir trabajando en los temas emergentes de salud que presenten las personas que integran la comunidad universitaria, y la sociedad en general, incorporando como hasta ahora de forma trasversal los Objetivos de Desarrollo Sostenible de la Agenda 2030 en sus pol\u00edticas.<\/p>\t\t\t\t\t\t\t\t<\/div>\n\t\t\t\t<\/div>\n\t\t\t\t\t<\/div>\n\t\t<\/div>\n\t\t\t\t\t<\/div>\n\t\t<\/section>\n\t\t\t\t<section class=\"elementor-section elementor-top-section elementor-element elementor-element-e616917 elementor-section-boxed elementor-section-height-default elementor-section-height-default\" data-id=\"e616917\" data-element_type=\"section\" data-e-type=\"section\">\n\t\t\t\t\t\t<div class=\"elementor-container elementor-column-gap-default\">\n\t\t\t\t\t<div class=\"elementor-column elementor-col-100 elementor-top-column elementor-element elementor-element-3873b76\" data-id=\"3873b76\" data-element_type=\"column\" data-e-type=\"column\">\n\t\t\t<div class=\"elementor-widget-wrap elementor-element-populated\">\n\t\t\t\t\t\t<div class=\"elementor-element elementor-element-15102db elementor-align-center elementor-widget elementor-widget-button\" data-id=\"15102db\" data-element_type=\"widget\" data-e-type=\"widget\" data-widget_type=\"button.default\">\n\t\t\t\t<div class=\"elementor-widget-container\">\n\t\t\t\t\t\t\t\t\t<div class=\"elementor-button-wrapper\">\n\t\t\t\t\t<a class=\"elementor-button elementor-button-link elementor-size-md\" href=\"https:\/\/www3.ubu.es\/iicups\/wp-content\/uploads\/2022\/12\/2022_Declaracion_IICUPS.pdf\">\n\t\t\t\t\t\t<span class=\"elementor-button-content-wrapper\">\n\t\t\t\t\t\t\t\t\t<span class=\"elementor-button-text\">Documento con la Declaraci\u00f3n (PDF 304 KB)<\/span>\n\t\t\t\t\t<\/span>\n\t\t\t\t\t<\/a>\n\t\t\t\t<\/div>\n\t\t\t\t\t\t\t\t<\/div>\n\t\t\t\t<\/div>\n\t\t\t\t\t<\/div>\n\t\t<\/div>\n\t\t\t\t\t<\/div>\n\t\t<\/section>\n\t\t\t\t<\/div>\n\t\t","protected":false},"excerpt":{"rendered":"<p>Celebrado el II Congreso de Universidades Promotoras de la Salud en la Universidad de Burgos, la Red Espa\u00f1ola de Universidades Promotoras de la Salud (REUPS) recoge en esta declaraci\u00f3n las reflexiones y reivindicaciones de las personas de la comunidad universitaria y de las instituciones que han participado en el mismo sobre los distintos temas tratados&#8230;<\/p>\n","protected":false},"author":1,"featured_media":0,"parent":0,"menu_order":0,"comment_status":"closed","ping_status":"closed","template":"","meta":{"_kad_post_transparent":"default","_kad_post_title":"default","_kad_post_layout":"default","_kad_post_sidebar_id":"","_kad_post_content_style":"default","_kad_post_vertical_padding":"default","_kad_post_feature":"hide","_kad_post_feature_position":"","_kad_post_header":false,"_kad_post_footer":false,"_kad_post_classname":"","footnotes":""},"class_list":["post-1572","page","type-page","status-publish","hentry"],"_links":{"self":[{"href":"https:\/\/www3.ubu.es\/iicups\/wp-json\/wp\/v2\/pages\/1572","targetHints":{"allow":["GET"]}}],"collection":[{"href":"https:\/\/www3.ubu.es\/iicups\/wp-json\/wp\/v2\/pages"}],"about":[{"href":"https:\/\/www3.ubu.es\/iicups\/wp-json\/wp\/v2\/types\/page"}],"author":[{"embeddable":true,"href":"https:\/\/www3.ubu.es\/iicups\/wp-json\/wp\/v2\/users\/1"}],"replies":[{"embeddable":true,"href":"https:\/\/www3.ubu.es\/iicups\/wp-json\/wp\/v2\/comments?post=1572"}],"version-history":[{"count":20,"href":"https:\/\/www3.ubu.es\/iicups\/wp-json\/wp\/v2\/pages\/1572\/revisions"}],"predecessor-version":[{"id":1594,"href":"https:\/\/www3.ubu.es\/iicups\/wp-json\/wp\/v2\/pages\/1572\/revisions\/1594"}],"wp:attachment":[{"href":"https:\/\/www3.ubu.es\/iicups\/wp-json\/wp\/v2\/media?parent=1572"}],"curies":[{"name":"wp","href":"https:\/\/api.w.org\/{rel}","templated":true}]}}