{"id":1015,"date":"2022-06-22T11:17:36","date_gmt":"2022-06-22T09:17:36","guid":{"rendered":"https:\/\/www3.ubu.es\/iicups\/?page_id=1015"},"modified":"2022-09-27T13:13:27","modified_gmt":"2022-09-27T11:13:27","slug":"ubu-campus-saludable","status":"publish","type":"page","link":"https:\/\/www3.ubu.es\/iicups\/ubu-campus-saludable\/","title":{"rendered":"UBU Campus saludable"},"content":{"rendered":"\t\t<div data-elementor-type=\"wp-page\" data-elementor-id=\"1015\" class=\"elementor elementor-1015\">\n\t\t\t\t\t\t<section class=\"elementor-section elementor-top-section elementor-element elementor-element-20732dd elementor-section-boxed elementor-section-height-default elementor-section-height-default\" data-id=\"20732dd\" data-element_type=\"section\" data-e-type=\"section\">\n\t\t\t\t\t\t<div class=\"elementor-container elementor-column-gap-default\">\n\t\t\t\t\t<div class=\"elementor-column elementor-col-100 elementor-top-column elementor-element elementor-element-f6f9dcf\" data-id=\"f6f9dcf\" data-element_type=\"column\" data-e-type=\"column\">\n\t\t\t<div class=\"elementor-widget-wrap elementor-element-populated\">\n\t\t\t\t\t\t<div class=\"elementor-element elementor-element-8180796 elementor-widget elementor-widget-text-editor\" data-id=\"8180796\" data-element_type=\"widget\" data-e-type=\"widget\" data-widget_type=\"text-editor.default\">\n\t\t\t\t<div class=\"elementor-widget-container\">\n\t\t\t\t\t\t\t\t\t<h2><strong>Aula Campus Saludable<\/strong><\/h2>\n<p>Siguiendo las corrientes actuales, la Universidad de Burgos apuesta por el compromiso con la salud de toda la comunidad universitaria por medio de diferentes medidas, entre las que destaca, desde el curso 2020-2021 la creaci\u00f3n del <a href=\"https:\/\/www.ubu.es\/servicio-de-estudiantes-y-extension-universitaria\/servicios-unidad-de-extension-universitaria\/aula-campus-saludable\"><strong>Aula Campus Saludable<\/strong><\/a>. Esta secci\u00f3n perteneciente al Vicerrectorado de Responsabilidad Social, Cultura y Deporte se encarga de coordinar las acciones de promoci\u00f3n de los h\u00e1bitos saludables dentro de los campus universitarios. De esta manera, se da respuesta a la tendencia social hacia una vida m\u00e1s saludable que prioriza la calidad de vida sobre otros aspectos de la misma al tiempo que, por su constituci\u00f3n acad\u00e9mica y su vocaci\u00f3n investigadora, afronta los principales avances que est\u00e1n siendo demandados por la sociedad de hoy en d\u00eda.<\/p><p><span style=\"color: var( --e-global-color-text ); font-family: var( --e-global-typography-text-font-family ), Sans-serif; font-weight: var( --e-global-typography-text-font-weight ); background-color: transparent;\">A continuaci\u00f3n se describen los espacios y acciones principales con los que cuenta la Universidad de Burgos para dar respuesta a<\/span><\/p>\n<h2 style=\"color:#a42e01;\"><a href=\"https:\/\/www.ubu.es\/servicio-universitario-de-atencion-la-salud-suas\"><strong>SUAS<\/strong><\/a><\/h2>\n<p>El Servicio Universitario de Atenci\u00f3n a la Salud de la Universidad de Burgos (SUAS-UBU) es una Divisi\u00f3n espec\u00edfica del Centro de Salud Mental Social de la Universidad de Burgos (CSMS).<\/p><p><span style=\"color: var( --e-global-color-text ); font-family: var( --e-global-typography-text-font-family ), Sans-serif; font-weight: var( --e-global-typography-text-font-weight ); background-color: transparent;\">Tiene como objetivos implantar y desarrollar, de forma coordinada con los dispositivos y redes comunitarias de salud y servicios sociales, programas de prevenci\u00f3n, promoci\u00f3n e intervenci\u00f3n en salud, haciendo especial \u00e9nfasis en la atenci\u00f3n psicosociosanitaria y psicopedag\u00f3gica derivada de las necesidades reales detectadas en la poblaci\u00f3n universitaria. El fin del SUAS es promover el bienestar y la salud de los miembros de la comunidad universitaria en general y de forma especial de los estudiantes.<\/span><\/p>\n<h2><strong>HUERTO ECOL\u00d3GICO<\/strong><\/h2>\n<p>El huerto ecol\u00f3gico de la Universidad de Burgos est\u00e1 concebido como un espacio de experimentaci\u00f3n y aprendizaje colaborativo a disposici\u00f3n de la comunidad universitaria y abierto a la participaci\u00f3n de voluntarios ajenos a la Universidad, de manera que suponga un impacto positivo en el entorno social m\u00e1s inmediato. Constituye un recurso muy \u00fatil para fomentar la ciudadan\u00eda alimentaria y sensibilizar en cuestiones ambientales tales como la gesti\u00f3n sostenible de los recursos naturales. Cabe destacar que el uso del huerto favorece que los estudiantes tengan una idea m\u00e1s integral de la alimentaci\u00f3n, englobando aspectos como la producci\u00f3n, distribuci\u00f3n, comercializaci\u00f3n, nutrici\u00f3n, salud y sostenibilidad. Contribuye a fomentar una conciencia como ciudadano activo y responsable en relaci\u00f3n con el consumo alimentario.<\/p><p><span style=\"color: var( --e-global-color-text ); font-family: var( --e-global-typography-text-font-family ), Sans-serif; font-weight: var( --e-global-typography-text-font-weight ); background-color: transparent;\">Se llevan a cabo t\u00e9cnicas de permacultura, basadas en el cuidado del suelo, cuidado de las personas y repartici\u00f3n justa, consideradas m\u00e1s elaboradas, sostenibles, y capaces de generar en el alumnado conocimientos conceptuales progresivamente m\u00e1s complejos sobre el funcionamiento de los ecosistemas. Se sustenta en los principios de la denominada agricultura ecol\u00f3gica, org\u00e1nica o biol\u00f3gica, basada en la utilizaci\u00f3n \u00f3ptima de los recursos naturales a lo largo de todo el proceso del cultivo agr\u00edcola. Los alimentos cultivados de esta forma tienen un efecto positivo sobre la salud, dado que no se ven afectados por productos qu\u00edmicos y se consumen reci\u00e9n cosechados, preservando los nutrientes que contienen. Por otro lado, sabemos que la adquisici\u00f3n de h\u00e1bitos saludables en nutrici\u00f3n se facilita con la comprensi\u00f3n y el control de los procesos de cultivo de vegetales tanto comestibles como ornamentales.<\/span><\/p>\n<h2 style=\"color:#a42e01;\"><a href=\"https:\/\/www.ubu.es\/deportes\"><strong>DEPORTES<\/strong><\/a><\/h2>\n<p>El servicio Deportes de la Universidad de Burgos tiene como principal misi\u00f3n la de facilitar a toda la comunidad todos los medios necesarios para la pr\u00e1ctica de actividades f\u00edsico-deportivas, las cu\u00e1les son consideradas como una parte fundamental de la formaci\u00f3n integral de la persona. Asimismo, se intenta favorecer el desarrollo de los valores relacionados con la salud, la amistad, la integraci\u00f3n social, la competitividad y los h\u00e1bitos higi\u00e9nicos, y de esta manera contribuir a la mejora de la calidad de vida de los usuarios. Tambi\u00e9n pretende ser un servicio en constante actualizaci\u00f3n, capaz de adaptarse a las demandas de los usuarios, ofreciendo instalaciones adecuadas y profesionales cualificados para la impartici\u00f3n de las actividades.<\/p>\n<p>En este contexto, Deportes se hace responsable de una serie de actuaciones que tienen relaci\u00f3n con el desarrollo de las actividades f\u00edsico-deportivas dentro del \u00e1mbito universitario. Entre ellas, podemos destacar las siguientes:<\/p>\n<ul>\n<li>Ofrecer actividades f\u00edsico-deportivas, tanto a la comunidad universitaria como al resto de poblaci\u00f3n, encarg\u00e1ndose de la gesti\u00f3n, promoci\u00f3n y organizaci\u00f3n de dichas actividades.<\/li>\n<li>Difundir noticias e informaci\u00f3n acerca de las actividades realizadas en el \u00e1mbito del deporte universitario.<\/li>\n<li>Tramitar la tarjeta deportiva, as\u00ed como los cr\u00e9ditos acad\u00e9micos atribuibles a cada actividad.<\/li>\n<\/ul>\n<h2 style=\"color:#a42e01;\"><a href=\"https:\/\/www.ubu.es\/ubuverde\/\"><strong>UBUVERDE<\/strong><\/a><\/h2>\n<p>La vinculaci\u00f3n de los saludable con lo sostenible es estrecha. Es por ello que parte de las acciones llevas a cabo desde el Aula, se realizan en colaboraci\u00f3n con la Oficina Verde de la UNIVERSIDAD DE BURGOS (UBUVerde). Creada en noviembre de 2016, e integrada en el Vicerrectorado de Planificaci\u00f3n, Servicios y Sostenibilidad, asume el compromiso de la Comunidad Universitaria burgalesa de incrementar, visualizar y coordinar las acciones que desarrolla la UBU en el \u00e1mbito de la Gesti\u00f3n y Sostenibilidad Ambiental, la Educaci\u00f3n Ambiental y el Voluntariado Ambiental. Los principales \u00e1mbitos de trabajo de UBUVerde son: la mejora en el funcionamiento sostenible y eficiente de infraestructuras, la gesti\u00f3n racional, la formaci\u00f3n y educaci\u00f3n ambiental, la participaci\u00f3n de la comunidad universitaria y la cooperaci\u00f3n con personas e instituciones ajenas a la comunidad universitaria punteras en materia de defensa del medio ambiente y sostenibilidad.<\/p>\n<h2><strong>CAMPA\u00d1A CAMPUS SIN HUMO<\/strong><\/h2>\n<p>Entre las acciones en curso llevadas a cabo en la Universidad de Burgos, quiz\u00e1 la de mayor envergadura sea el firme compromiso por conseguir un campus libre de humo. La Universidad, en reconocimiento de los riesgos de morbi-mortalidad que genera el consumo de tabaco y la consiguiente disminuci\u00f3n en las expectativas de calidad y esperanza de vida de los ciudadanos y su compromiso con la salud p\u00fablica, est\u00e1 trabajando por crear un Campus 100% libres de humo, para proteger a la comunidad universitaria de las consecuencias sanitarias y ambientales del consumo de tabaco y de la exposici\u00f3n a su contaminaci\u00f3n ambiental.<\/p>\n<p>Adoptar una pol\u00edtica sobre lugares libres de humo o tabaco puede tener un impacto enorme en la salud a corto y largo plazo de toda la comunidad universitaria debido a que los a\u00f1os de estudios universitarios es un momento crucial en el inicio del consumo de tabaco y de consolidaci\u00f3n de la dependencia, pudiendo pasar de un consumo experimental a uno habitual.<\/p>\n<h2><strong>OTRAS ACCIONES SALUDABLES<\/strong><\/h2>\n<p>Las acciones desarrolladas desde las secciones universitarias relacionadas con la promoci\u00f3n de la salud en la Universidad de Burgos gozan del debido apoyo institucional, consider\u00e1ndose cada vez m\u00e1s una parte imprescindible de la estructura base universitaria. Las acciones dirigidas desde el Aula se han enfocado principalmente hacia la educaci\u00f3n para la salud y la capacitaci\u00f3n a partir de iniciativas de promoci\u00f3n de la actividad f\u00edsica, la alimentaci\u00f3n saludable, el bienestar emocional, la prevenci\u00f3n de enfermedades y adicciones, y las relaciones afectivo-sexuales, a las que se les ha a\u00f1adido un matiz de sostenibilidad fruto de la fusi\u00f3n con iniciativas relacionadas con los Objetivos de Desarrollo Sostenible descritos por la Organizaci\u00f3n de Naciones Unidas. Gracias a la colaboraci\u00f3n estrecha con la <a href=\"https:\/\/www.unisaludables.es\/\">Red Espa\u00f1ola de Universidades Promotoras de la Salud<\/a>, la Universidad ha disfrutado de un gran n\u00famero de iniciativas desde varios enfoques. Entre ellos, podemos destacar las siguientes acciones:<\/p>\n<ul>\n<li>Concursos y campa\u00f1as de sensibilizaci\u00f3n<\/li>\n<li>Campa\u00f1as de prevenci\u00f3n de enfermedades y de donaci\u00f3n de sangre<\/li>\n<li>Instalaci\u00f3n de infraestructuras para hacer del campus un espacio \u201ccardioprotegido\u201d<\/li>\n<li>Intervenciones para la mejora de la calidad de los espacios de restauraci\u00f3n<\/li>\n<li>Desarrollo de investigaciones para la mejora de los h\u00e1bitos saludables de la comunidad universitaria<\/li>\n<li>Creaci\u00f3n del programa de radio La Panacea<\/li>\n<li>Organizaci\u00f3n de dos ediciones de la Semana de Promoci\u00f3n de la Salud<\/li>\n<li>Colaboraci\u00f3n con entidades ajenas a la Universidad<\/li>\n<\/ul>\t\t\t\t\t\t\t\t<\/div>\n\t\t\t\t<\/div>\n\t\t\t\t\t<\/div>\n\t\t<\/div>\n\t\t\t\t\t<\/div>\n\t\t<\/section>\n\t\t\t\t<\/div>\n\t\t","protected":false},"excerpt":{"rendered":"<p>Aula Campus Saludable Siguiendo las corrientes actuales, la Universidad de Burgos apuesta por el compromiso con la salud de toda la comunidad universitaria por medio de diferentes medidas, entre las que destaca, desde el curso 2020-2021 la creaci\u00f3n del Aula Campus Saludable. Esta secci\u00f3n perteneciente al Vicerrectorado de Responsabilidad Social, Cultura y Deporte se encarga&#8230;<\/p>\n","protected":false},"author":1,"featured_media":0,"parent":0,"menu_order":0,"comment_status":"closed","ping_status":"closed","template":"","meta":{"_kad_post_transparent":"default","_kad_post_title":"default","_kad_post_layout":"default","_kad_post_sidebar_id":"","_kad_post_content_style":"default","_kad_post_vertical_padding":"default","_kad_post_feature":"hide","_kad_post_feature_position":"","_kad_post_header":false,"_kad_post_footer":false,"_kad_post_classname":"","footnotes":""},"class_list":["post-1015","page","type-page","status-publish","hentry"],"_links":{"self":[{"href":"https:\/\/www3.ubu.es\/iicups\/wp-json\/wp\/v2\/pages\/1015","targetHints":{"allow":["GET"]}}],"collection":[{"href":"https:\/\/www3.ubu.es\/iicups\/wp-json\/wp\/v2\/pages"}],"about":[{"href":"https:\/\/www3.ubu.es\/iicups\/wp-json\/wp\/v2\/types\/page"}],"author":[{"embeddable":true,"href":"https:\/\/www3.ubu.es\/iicups\/wp-json\/wp\/v2\/users\/1"}],"replies":[{"embeddable":true,"href":"https:\/\/www3.ubu.es\/iicups\/wp-json\/wp\/v2\/comments?post=1015"}],"version-history":[{"count":10,"href":"https:\/\/www3.ubu.es\/iicups\/wp-json\/wp\/v2\/pages\/1015\/revisions"}],"predecessor-version":[{"id":1129,"href":"https:\/\/www3.ubu.es\/iicups\/wp-json\/wp\/v2\/pages\/1015\/revisions\/1129"}],"wp:attachment":[{"href":"https:\/\/www3.ubu.es\/iicups\/wp-json\/wp\/v2\/media?parent=1015"}],"curies":[{"name":"wp","href":"https:\/\/api.w.org\/{rel}","templated":true}]}}